{"id":210,"date":"2015-07-24T12:02:02","date_gmt":"2015-07-24T12:02:02","guid":{"rendered":"http:\/\/robles.compsaonline.com\/?page_id=210&#038;lang=es"},"modified":"2015-07-28T08:03:01","modified_gmt":"2015-07-28T08:03:01","slug":"distribucio","status":"publish","type":"page","link":"https:\/\/www.atrobles.es\/?page_id=210","title":{"rendered":"Distribuci\u00f3n"},"content":{"rendered":"<div class='one_half'>\n\t\t\t\t\t<div class=\"imageframe-align-center\"><span class=\"fusion-imageframe imageframe imageframe-none imageframe-1 fusion-animated\" data-animationType=\"fadeInDown\" data-animationDuration=\"0.3\"> <img src=\"http:\/\/robles.compsaonline.com\/wp-content\/uploads\/2015\/07\/img-distribucio-1-300x217.png\" alt=\"\" class=\"img-responsive\" \/><\/span><\/div><div class=\"fusion-sep-clear\"><\/div><div class=\"fusion-separator fusion-full-width-sep sep-double\" style=\"margin-top:20px;margin-bottom:20px;\"><\/div>\n<p style=\"text-align: center;\">Servicio de distribuci\u00f3n desde plataforma log\u00edstica en peque\u00f1os centros, grandes superficies y otros puntos de venta<\/p>\n\t\t\t\t<\/div><div class='one_half'>\n\t\t\t\t\t<div class=\"imageframe-align-center\"><span class=\"fusion-imageframe imageframe imageframe-none imageframe-2 fusion-animated\" data-animationType=\"fadeInDown\" data-animationDuration=\"0.3\"> <img src=\"http:\/\/robles.compsaonline.com\/wp-content\/uploads\/2015\/07\/img-distribucio-2-300x217.png\" alt=\"\" class=\"img-responsive\" \/><\/span><\/div><div class=\"fusion-sep-clear\"><\/div><div class=\"fusion-separator fusion-full-width-sep sep-double\" style=\"margin-top:20px;margin-bottom:20px;\"><\/div>\n<p style=\"text-align: center;\">Utilizamos la tipolog\u00eda de veh\u00edculo necesaria para cada ocasi\u00f3n, adapt\u00e1ndonos a las caracter\u00edsticas de cada descarga.<\/p>\n\t\t\t\t<\/div>\n","protected":false},"excerpt":{"rendered":"","protected":false},"author":1,"featured_media":0,"parent":0,"menu_order":0,"comment_status":"open","ping_status":"open","template":"","meta":{"_et_pb_use_builder":"","_et_pb_old_content":"","_et_gb_content_width":""},"_links":{"self":[{"href":"https:\/\/www.atrobles.es\/index.php?rest_route=\/wp\/v2\/pages\/210"}],"collection":[{"href":"https:\/\/www.atrobles.es\/index.php?rest_route=\/wp\/v2\/pages"}],"about":[{"href":"https:\/\/www.atrobles.es\/index.php?rest_route=\/wp\/v2\/types\/page"}],"author":[{"embeddable":true,"href":"https:\/\/www.atrobles.es\/index.php?rest_route=\/wp\/v2\/users\/1"}],"replies":[{"embeddable":true,"href":"https:\/\/www.atrobles.es\/index.php?rest_route=%2Fwp%2Fv2%2Fcomments&post=210"}],"version-history":[{"count":2,"href":"https:\/\/www.atrobles.es\/index.php?rest_route=\/wp\/v2\/pages\/210\/revisions"}],"predecessor-version":[{"id":326,"href":"https:\/\/www.atrobles.es\/index.php?rest_route=\/wp\/v2\/pages\/210\/revisions\/326"}],"wp:attachment":[{"href":"https:\/\/www.atrobles.es\/index.php?rest_route=%2Fwp%2Fv2%2Fmedia&parent=210"}],"curies":[{"name":"wp","href":"https:\/\/api.w.org\/{rel}","templated":true}]}}