{"id":213,"date":"2015-07-24T11:48:15","date_gmt":"2015-07-24T11:48:15","guid":{"rendered":"http:\/\/robles.compsaonline.com\/?page_id=213&#038;lang=es"},"modified":"2021-06-21T10:41:35","modified_gmt":"2021-06-21T10:41:35","slug":"empresa","status":"publish","type":"page","link":"https:\/\/www.atrobles.es\/?page_id=213","title":{"rendered":"Empresa"},"content":{"rendered":"<p>[et_pb_section admin_label=\u00bbsection\u00bb]<br \/>\n\t\t\t[et_pb_row admin_label=\u00bbrow\u00bb]<br \/>\n\t\t\t\t[et_pb_column type=\u00bb4_4&#8243;][et_pb_text admin_label=\u00bbText\u00bb]<div class=\"fusion-fullwidth fullwidth-box\" style=\"background-attachment:scroll;background-position:left top;background-repeat:no-repeat;-webkit-background-size:cover;-moz-background-size:cover;-o-background-size:cover;background-size:cover;border-bottom-width: 0px;border-top-width: 0px;border-bottom-style: solid;border-top-style: solid;padding-bottom:20px;padding-left:0px;padding-right:0px;padding-top:20px;\"><div class=\"avada-row\"><div class=\"fusion-two-fifth fusion-layout-column fusion-column spacing-yes\"><div class=\"fusion-column-wrapper\"><div class=\"fusion-title title\"><h1 class=\"title-heading-left\">Qui\u00e9nes somos?<\/h1><div class=\"title-sep-container\"><div class=\"title-sep sep-single\"><\/div><\/div><\/div><strong>A.T. Robles, S.A.<\/strong> es una empresa con 50 a\u00f1os de experiencia en el transporte por carretera, especializ\u00e1ndose en mercanc\u00eda refrigerada.<br \/>\nA Robles tenemos claro que la primera norma es cuidar de su carga. Por este motivo centramos todo nuestro esfuerzo en tres puntos clave, \u00abSeguridad\u00bb, \u00abTrazabilidad\u00bb y \u00abGesti\u00f3n\u00bb.<div class=\"fusion-sep-clear\"><\/div><div class=\"fusion-separator fusion-full-width-sep sep-none\" style=\"margin-top:px;margin-bottom:20px;\"><\/div><img loading=\"lazy\" class=\" wp-image-140 alignnone\" src=\"http:\/\/robles.compsaonline.com\/wp-content\/uploads\/2015\/07\/empresa1.png\" alt=\"empresa1\" width=\"417\" height=\"479\" srcset=\"https:\/\/www.atrobles.es\/wp-content\/uploads\/2015\/07\/empresa1.png 438w, https:\/\/www.atrobles.es\/wp-content\/uploads\/2015\/07\/empresa1-261x300.png 261w\" sizes=\"(max-width: 417px) 100vw, 417px\" \/><\/div><\/div><div class=\"fusion-three-fifth fusion-layout-column fusion-column last spacing-yes\"><div class=\"fusion-column-wrapper\"><div class=\"fusion-title title\"><h1 class=\"title-heading-left\">Bases de la empresa<\/h1><div class=\"title-sep-container\"><div class=\"title-sep sep-single\"><\/div><\/div><\/div>\n<div style=\"text-align: justify;\">Desde los inicios <strong>Robles Transporte y Log\u00edstica<\/strong> se ha caracterizado por adaptarse a las necesidades de cada cliente para poder dar un servicio \u00f3ptimo y de calidad. Esta pr\u00e1ctica nos permite trabajar con los principales grupos alimentarios del pa\u00eds. Gracias a esta filosof\u00eda, hemos conseguido tener un importante crecimiento en los \u00faltimos a\u00f1os pasando de los 4.5 ml \/ \u20ac de facturaci\u00f3n en 2005 hasta los casi 18 ml \/ \u20ac en el a\u00f1o 2014. Actualmente contamos con un amplio equipo de 200 trabajadores y con la \u00faltima tecnolog\u00eda para facilitar el control de la log\u00edstica y la gesti\u00f3n administrativa.<\/div>\n<div class=\"fusion-sep-clear\"><\/div><div class=\"fusion-separator fusion-full-width-sep sep-none\" style=\"margin-top:px;margin-bottom:15px;\"><\/div><img loading=\"lazy\" class=\"aligncenter wp-image-590 size-full\" src=\"http:\/\/web2.atrobles.com\/wp-content\/uploads\/2015\/07\/carretera.png\" alt=\"carretera\" width=\"718\" height=\"491\" srcset=\"https:\/\/www.atrobles.es\/wp-content\/uploads\/2015\/07\/carretera.png 718w, https:\/\/www.atrobles.es\/wp-content\/uploads\/2015\/07\/carretera-300x205.png 300w\" sizes=\"(max-width: 718px) 100vw, 718px\" \/><\/div><\/div><div class=\"fusion-clearfix\"><\/div><\/div><\/div>[\/et_pb_text][\/et_pb_column]<br \/>\n\t\t\t[\/et_pb_row]<br \/>\n\t\t[\/et_pb_section]<\/p>\n","protected":false},"excerpt":{"rendered":"<p>[et_pb_section admin_label=\u00bbsection\u00bb] [et_pb_row admin_label=\u00bbrow\u00bb] [et_pb_column type=\u00bb4_4&#8243;][et_pb_text admin_label=\u00bbText\u00bb][\/et_pb_text][\/et_pb_column] [\/et_pb_row] [\/et_pb_section]<\/p>\n","protected":false},"author":1,"featured_media":0,"parent":0,"menu_order":0,"comment_status":"open","ping_status":"open","template":"","meta":{"_et_pb_use_builder":"on","_et_pb_old_content":"[fullwidth backgroundcolor=\"\" backgroundimage=\"\" backgroundrepeat=\"no-repeat\" backgroundposition=\"left top\" backgroundattachment=\"scroll\" video_webm=\"\" video_mp4=\"\" video_ogv=\"\" video_preview_image=\"\" overlay_color=\"\" overlay_opacity=\"0.5\" video_mute=\"yes\" video_loop=\"yes\" fade=\"no\" bordersize=\"0px\" bordercolor=\"\" borderstyle=\"\" paddingtop=\"20px\" paddingbottom=\"20px\" paddingleft=\"0px\" paddingright=\"0px\" menu_anchor=\"\" equal_height_columns=\"no\" hundred_percent=\"no\" class=\"\" id=\"\"][two_fifth last=\"no\" spacing=\"yes\" background_color=\"\" background_image=\"\" background_repeat=\"no-repeat\" background_position=\"left top\" border_size=\"0px\" border_color=\"\" border_style=\"\" padding=\"\" class=\"\" id=\"\"][title size=\"1\" content_align=\"left\" style_type=\"single\" sep_color=\"\" class=\"\" id=\"\"]Qui\u00e9nes somos?[\/title][fusion_text]<strong>A.T. Robles, S.A.<\/strong> es una empresa con 50 a\u00f1os de experiencia en el transporte por carretera, especializ\u00e1ndose en mercanc\u00eda refrigerada.\r\nA Robles tenemos claro que la primera norma es cuidar de su carga. Por este motivo centramos todo nuestro esfuerzo en tres puntos clave, \"Seguridad\", \"Trazabilidad\" y \"Gesti\u00f3n\".[\/fusion_text][separator style_type=\"none\" top_margin=\"\" bottom_margin=\"20\" sep_color=\"\" icon=\"\" width=\"\" class=\"\" id=\"\"][fusion_text]<img class=\" wp-image-140 alignnone\" src=\"http:\/\/robles.compsaonline.com\/wp-content\/uploads\/2015\/07\/empresa1.png\" alt=\"empresa1\" width=\"417\" height=\"479\" \/>[\/fusion_text][\/two_fifth][three_fifth last=\"yes\" spacing=\"yes\" background_color=\"\" background_image=\"\" background_repeat=\"no-repeat\" background_position=\"left top\" border_size=\"0px\" border_color=\"\" border_style=\"\" padding=\"\" class=\"\" id=\"\"][title size=\"1\" content_align=\"left\" style_type=\"single\" sep_color=\"\" class=\"\" id=\"\"]Bases de la empresa[\/title][fusion_text]\r\n<div style=\"text-align: justify;\">Desde los inicios <strong>Robles Transporte y Log\u00edstica<\/strong> se ha caracterizado por adaptarse a las necesidades de cada cliente para poder dar un servicio \u00f3ptimo y de calidad. Esta pr\u00e1ctica nos permite trabajar con los principales grupos alimentarios del pa\u00eds. Gracias a esta filosof\u00eda, hemos conseguido tener un importante crecimiento en los \u00faltimos a\u00f1os pasando de los 4.5 ml \/ \u20ac de facturaci\u00f3n en 2005 hasta los casi 18 ml \/ \u20ac en el a\u00f1o 2014. Actualmente contamos con un amplio equipo de 200 trabajadores y con la \u00faltima tecnolog\u00eda para facilitar el control de la log\u00edstica y la gesti\u00f3n administrativa.<\/div>\r\n[\/fusion_text][separator style_type=\"none\" top_margin=\"\" bottom_margin=\"15\" sep_color=\"\" icon=\"\" width=\"\" class=\"\" id=\"\"][fusion_text]<img class=\"aligncenter wp-image-590 size-full\" src=\"http:\/\/web2.atrobles.com\/wp-content\/uploads\/2015\/07\/carretera.png\" alt=\"carretera\" width=\"718\" height=\"491\" \/>[\/fusion_text][\/three_fifth][\/fullwidth]","_et_gb_content_width":""},"_links":{"self":[{"href":"https:\/\/www.atrobles.es\/index.php?rest_route=\/wp\/v2\/pages\/213"}],"collection":[{"href":"https:\/\/www.atrobles.es\/index.php?rest_route=\/wp\/v2\/pages"}],"about":[{"href":"https:\/\/www.atrobles.es\/index.php?rest_route=\/wp\/v2\/types\/page"}],"author":[{"embeddable":true,"href":"https:\/\/www.atrobles.es\/index.php?rest_route=\/wp\/v2\/users\/1"}],"replies":[{"embeddable":true,"href":"https:\/\/www.atrobles.es\/index.php?rest_route=%2Fwp%2Fv2%2Fcomments&post=213"}],"version-history":[{"count":9,"href":"https:\/\/www.atrobles.es\/index.php?rest_route=\/wp\/v2\/pages\/213\/revisions"}],"predecessor-version":[{"id":687,"href":"https:\/\/www.atrobles.es\/index.php?rest_route=\/wp\/v2\/pages\/213\/revisions\/687"}],"wp:attachment":[{"href":"https:\/\/www.atrobles.es\/index.php?rest_route=%2Fwp%2Fv2%2Fmedia&parent=213"}],"curies":[{"name":"wp","href":"https:\/\/api.w.org\/{rel}","templated":true}]}}