{"id":219,"date":"2015-07-24T12:02:13","date_gmt":"2015-07-24T12:02:13","guid":{"rendered":"http:\/\/robles.compsaonline.com\/?page_id=219&#038;lang=es"},"modified":"2015-07-28T08:10:00","modified_gmt":"2015-07-28T08:10:00","slug":"grupatge","status":"publish","type":"page","link":"https:\/\/www.atrobles.es\/?page_id=219","title":{"rendered":"Grupaje"},"content":{"rendered":"<div class='one_half'>\n\t\t\t\t\t<div class=\"imageframe-align-center\"><span class=\"fusion-imageframe imageframe imageframe-none imageframe-1 fusion-animated\" data-animationType=\"fadeInDown\" data-animationDuration=\"0.3\"> <img src=\"http:\/\/robles.compsaonline.com\/wp-content\/uploads\/2015\/07\/img-grupatge-1-300x217.png\" alt=\"\" class=\"img-responsive\" \/><\/span><\/div><div class=\"fusion-sep-clear\"><\/div><div class=\"fusion-separator fusion-full-width-sep sep-double\" style=\"margin-top:20px;margin-bottom:20px;\"><\/div>\n<p style=\"text-align: center;\">Realizamos rutas de Grupaje diarias con mercanc\u00eda refrigerada, con recogidas en las principales comarcas productoras de Lleida cubriendo tambi\u00e9n \u00e1reas de producci\u00f3n de la zona de Arag\u00f3n.<\/p>\n\t\t\t\t<\/div><div class='one_half'>\n\t\t\t\t\t<div class=\"imageframe-align-center\"><span class=\"fusion-imageframe imageframe imageframe-none imageframe-2 fusion-animated\" data-animationType=\"fadeInDown\" data-animationDuration=\"0.3\"> <img src=\"http:\/\/robles.compsaonline.com\/wp-content\/uploads\/2015\/07\/img-grupatge-2-300x217.png\" alt=\"\" class=\"img-responsive\" \/><\/span><\/div><div class=\"fusion-sep-clear\"><\/div><div class=\"fusion-separator fusion-full-width-sep sep-double\" style=\"margin-top:20px;margin-bottom:20px;\"><\/div>\n<p style=\"text-align: center;\">Los destinos de estas rutas son los principales mercados nacionales como Madrid, Barcelona, \u200b\u200bValencia, Alicante, Murcia, Girona, Castell\u00f3n y tambi\u00e9n del sur de Francia, concretamente Perpi\u00f1\u00e1n.<\/p>\n\t\t\t\t<\/div>\n","protected":false},"excerpt":{"rendered":"","protected":false},"author":1,"featured_media":0,"parent":0,"menu_order":0,"comment_status":"open","ping_status":"open","template":"","meta":{"_et_pb_use_builder":"","_et_pb_old_content":"","_et_gb_content_width":""},"_links":{"self":[{"href":"https:\/\/www.atrobles.es\/index.php?rest_route=\/wp\/v2\/pages\/219"}],"collection":[{"href":"https:\/\/www.atrobles.es\/index.php?rest_route=\/wp\/v2\/pages"}],"about":[{"href":"https:\/\/www.atrobles.es\/index.php?rest_route=\/wp\/v2\/types\/page"}],"author":[{"embeddable":true,"href":"https:\/\/www.atrobles.es\/index.php?rest_route=\/wp\/v2\/users\/1"}],"replies":[{"embeddable":true,"href":"https:\/\/www.atrobles.es\/index.php?rest_route=%2Fwp%2Fv2%2Fcomments&post=219"}],"version-history":[{"count":2,"href":"https:\/\/www.atrobles.es\/index.php?rest_route=\/wp\/v2\/pages\/219\/revisions"}],"predecessor-version":[{"id":336,"href":"https:\/\/www.atrobles.es\/index.php?rest_route=\/wp\/v2\/pages\/219\/revisions\/336"}],"wp:attachment":[{"href":"https:\/\/www.atrobles.es\/index.php?rest_route=%2Fwp%2Fv2%2Fmedia&parent=219"}],"curies":[{"name":"wp","href":"https:\/\/api.w.org\/{rel}","templated":true}]}}