{"id":229,"date":"2015-07-24T11:48:47","date_gmt":"2015-07-24T11:48:47","guid":{"rendered":"http:\/\/robles.compsaonline.com\/?page_id=229&#038;lang=es"},"modified":"2015-10-02T14:58:24","modified_gmt":"2015-10-02T14:58:24","slug":"plataforma-logistica","status":"publish","type":"page","link":"https:\/\/www.atrobles.es\/?page_id=229","title":{"rendered":"Medio ambiente"},"content":{"rendered":"<div class=\"fusion-fullwidth fullwidth-box\" style=\"background-attachment:scroll;background-position:left top;background-repeat:no-repeat;-webkit-background-size:cover;-moz-background-size:cover;-o-background-size:cover;background-size:cover;border-bottom-width: 0px;border-top-width: 0px;border-bottom-style: solid;border-top-style: solid;padding-bottom:20px;padding-left:0px;padding-right:0px;padding-top:20px;\"><div class=\"avada-row\"><div class=\"fusion-one-sixth fusion-layout-column fusion-column spacing-yes\"><div class=\"fusion-column-wrapper\"><\/div><\/div><div class='two_third'>\n\t\t\t\t\t<div style=\"text-align: justify;\">\n<p>Robles Transporte y Log\u00edstica, es una empresa totalmente comprometida con el medio ambiente. A trav\u00e9s del trabajo diario hemos conseguido unos est\u00e1ndares que nos han permitido conseguir importantes distintivos relacionados con el medio ambiente:<\/p>\n<p>&#8211; Certificaci\u00f3n Ecostars. Transportes Robles recibe la certificaci\u00f3n medioambiental europea \u00abEcostars\u00bb con la m\u00e1xima puntuaci\u00f3n, 5 estrellas. De este modo, nos convertimos en la primera empresa de Catalu\u00f1a en conseguir esta certificaci\u00f3n y una de las primeras de Espa\u00f1a en hacerlo con la m\u00e1xima puntuaci\u00f3n. Los objetivos de este programa son, la reducci\u00f3n del impacto medioambiental del transporte por carretera as\u00ed como del consumo de combustibles f\u00f3siles, reducir los costes asociados a estos consumos de energ\u00eda de las empresas certificadas y conseguir una evoluci\u00f3n sectorial hacia est\u00e1ndares de calidad en gesti\u00f3n, operaciones y medios tecnol\u00f3gicos.<\/p>\n<p>&#8211; Adhesi\u00f3n al programa \u00abAcuerdos Voluntarios\u00bb de la Generalidad de Catalu\u00f1a. En Robles hemos trabajado duro para ofrecer unas propuestas sobre la gesti\u00f3n de la empresa que derivan en la reducci\u00f3n de emisiones de CO2 y GEI. Esto nos ha permitido adherirnos a este programa creado por la Generalitat como empresa comprometida con el medio ambiente.<\/p>\n<\/div>\n\t\t\t\t<\/div><div class=\"fusion-sep-clear\"><\/div><div class=\"fusion-separator fusion-full-width-sep sep-none\" style=\"margin-top:px;margin-bottom:15px;\"><\/div><div class=\"fusion-one-sixth fusion-layout-column fusion-column spacing-yes\"><div class=\"fusion-column-wrapper\"><\/div><\/div><div class='one_third'>\n\t\t\t\t\t<div class=\"imageframe-align-center\"><span class=\"fusion-imageframe imageframe imageframe-none imageframe-1\"> <img alt=\"\" src=\"http:\/\/robles.compsaonline.com\/wp-content\/uploads\/2015\/09\/Ecostar2.bmp\" class=\"img-responsive\" \/><\/span><\/div>\n\t\t\t\t<\/div><div class='one_third'>\n\t\t\t\t\t<div class=\"imageframe-align-center\"><span class=\"fusion-imageframe imageframe imageframe-none imageframe-2\"> <img alt=\"\" src=\"http:\/\/robles.compsaonline.com\/wp-content\/uploads\/2015\/09\/acords2.jpg\" class=\"img-responsive\" \/><\/span><\/div>\n\t\t\t\t<\/div><div class=\"fusion-sep-clear\"><\/div><div class=\"fusion-separator fusion-full-width-sep sep-none\" style=\"margin-top:px;margin-bottom:70px;\"><\/div><\/div><\/div>\n","protected":false},"excerpt":{"rendered":"","protected":false},"author":1,"featured_media":0,"parent":0,"menu_order":0,"comment_status":"open","ping_status":"open","template":"","meta":{"_et_pb_use_builder":"","_et_pb_old_content":"","_et_gb_content_width":""},"_links":{"self":[{"href":"https:\/\/www.atrobles.es\/index.php?rest_route=\/wp\/v2\/pages\/229"}],"collection":[{"href":"https:\/\/www.atrobles.es\/index.php?rest_route=\/wp\/v2\/pages"}],"about":[{"href":"https:\/\/www.atrobles.es\/index.php?rest_route=\/wp\/v2\/types\/page"}],"author":[{"embeddable":true,"href":"https:\/\/www.atrobles.es\/index.php?rest_route=\/wp\/v2\/users\/1"}],"replies":[{"embeddable":true,"href":"https:\/\/www.atrobles.es\/index.php?rest_route=%2Fwp%2Fv2%2Fcomments&post=229"}],"version-history":[{"count":3,"href":"https:\/\/www.atrobles.es\/index.php?rest_route=\/wp\/v2\/pages\/229\/revisions"}],"predecessor-version":[{"id":544,"href":"https:\/\/www.atrobles.es\/index.php?rest_route=\/wp\/v2\/pages\/229\/revisions\/544"}],"wp:attachment":[{"href":"https:\/\/www.atrobles.es\/index.php?rest_route=%2Fwp%2Fv2%2Fmedia&parent=229"}],"curies":[{"name":"wp","href":"https:\/\/api.w.org\/{rel}","templated":true}]}}