{"id":233,"date":"2015-07-24T11:49:13","date_gmt":"2015-07-24T11:49:13","guid":{"rendered":"http:\/\/robles.compsaonline.com\/?page_id=233&#038;lang=es"},"modified":"2020-02-28T17:44:20","modified_gmt":"2020-02-28T17:44:20","slug":"treballa-amb-nosaltres","status":"publish","type":"page","link":"https:\/\/www.atrobles.es\/?page_id=233","title":{"rendered":"Trabaja con nosotros"},"content":{"rendered":"<div class='one_third'>\n\t\t\t\t\t<h1>Forma parte del equipo<\/h1>\n<p>Somos un equipo multidisciplinar, din\u00e1mico y emprendedor, integrado por un grupo de profesionales \u00a0del sector del transporte que trabajamos cada d\u00eda para ofrecer un servicio de calidad Buscamos continuamente personas con competencias y actitudes que contribuyan a consolidar nuestro posicionamiento, a la vez que compartan los valores que siempre han \u00a0 caracterizado a los profesionales que integran AT Robles.<\/p>\n<p>Si quieres trabajar con nosotros env\u00edanos tu Curr\u00edculum V\u00edtae. Nuestro departamento de Recursos Humanos lo estudiar\u00e1 y se pondr\u00e1 en contacto contigo en el caso de ser seleccionado.\n\t\t\t\t<\/div><div class='two_third'>\n\t\t\t\t\t<div role=\"form\" class=\"wpcf7\" id=\"wpcf7-f853-o1\" lang=\"es-ES\" dir=\"ltr\">\n<div class=\"screen-reader-response\"><p role=\"status\" aria-live=\"polite\" aria-atomic=\"true\"><\/p> <ul><\/ul><\/div>\n<form action=\"\/index.php?rest_route=%2Fwp%2Fv2%2Fpages%2F233#wpcf7-f853-o1\" method=\"post\" class=\"wpcf7-form init\" enctype=\"multipart\/form-data\" novalidate=\"novalidate\" data-status=\"init\">\n<div style=\"display: none;\">\n<input type=\"hidden\" name=\"_wpcf7\" value=\"853\" \/>\n<input type=\"hidden\" name=\"_wpcf7_version\" value=\"5.4.2\" \/>\n<input type=\"hidden\" name=\"_wpcf7_locale\" value=\"es_ES\" \/>\n<input type=\"hidden\" name=\"_wpcf7_unit_tag\" value=\"wpcf7-f853-o1\" \/>\n<input type=\"hidden\" name=\"_wpcf7_container_post\" value=\"0\" \/>\n<input type=\"hidden\" name=\"_wpcf7_posted_data_hash\" value=\"\" \/>\n<\/div>\n<p><b>Nombre y apellidos<\/b>\n    <span class=\"wpcf7-form-control-wrap your-name\"><input type=\"text\" name=\"your-name\" value=\"\" size=\"40\" class=\"wpcf7-form-control wpcf7-text wpcf7-validates-as-required\" aria-required=\"true\" aria-invalid=\"false\" \/><\/span><\/p>\n<p><b>Correo electr\u00f3nico<\/b>\n    <span class=\"wpcf7-form-control-wrap your-email\"><input type=\"email\" name=\"your-email\" value=\"\" size=\"40\" class=\"wpcf7-form-control wpcf7-text wpcf7-email wpcf7-validates-as-required wpcf7-validates-as-email\" aria-required=\"true\" aria-invalid=\"false\" \/><\/span><\/p>\n<p><b>Tel\u00e9fono m\u00f3vil<\/b>\n    <span class=\"wpcf7-form-control-wrap tel-256\"><input type=\"tel\" name=\"tel-256\" value=\"\" size=\"40\" class=\"wpcf7-form-control wpcf7-text wpcf7-tel wpcf7-validates-as-required wpcf7-validates-as-tel\" aria-required=\"true\" aria-invalid=\"false\" \/><\/span><\/p>\n<p><b>Departamento que te interesa:<\/b>\n<span class=\"wpcf7-form-control-wrap checkbox-277\"><span class=\"wpcf7-form-control wpcf7-checkbox wpcf7-validates-as-required\"><span class=\"wpcf7-list-item first\"><label><input type=\"checkbox\" name=\"checkbox-277[]\" value=\"Ch\u00f3fer (Ruta Fija)\" \/><span class=\"wpcf7-list-item-label\">Ch\u00f3fer (Ruta Fija)<\/span><\/label><\/span><span class=\"wpcf7-list-item\"><label><input type=\"checkbox\" name=\"checkbox-277[]\" value=\"Ch\u00f3fer (Ruta Nacional)\" \/><span class=\"wpcf7-list-item-label\">Ch\u00f3fer (Ruta Nacional)<\/span><\/label><\/span><span class=\"wpcf7-list-item\"><label><input type=\"checkbox\" name=\"checkbox-277[]\" value=\"Operaciones \/ Tr\u00e1fico\" \/><span class=\"wpcf7-list-item-label\">Operaciones \/ Tr\u00e1fico<\/span><\/label><\/span><span class=\"wpcf7-list-item\"><label><input type=\"checkbox\" name=\"checkbox-277[]\" value=\"Mantenimiento \/ Almac\u00e9n\" \/><span class=\"wpcf7-list-item-label\">Mantenimiento \/ Almac\u00e9n<\/span><\/label><\/span><span class=\"wpcf7-list-item\"><label><input type=\"checkbox\" name=\"checkbox-277[]\" value=\"Administraci\u00f3n\" \/><span class=\"wpcf7-list-item-label\">Administraci\u00f3n<\/span><\/label><\/span><span class=\"wpcf7-list-item last\"><label><input type=\"checkbox\" name=\"checkbox-277[]\" value=\"RRHH\" \/><span class=\"wpcf7-list-item-label\">RRHH<\/span><\/label><\/span><\/span><\/span><\/p>\n<p><b>Provincia\/s donde trabajar:<\/b>\n<span class=\"wpcf7-form-control-wrap checkbox-285\"><span class=\"wpcf7-form-control wpcf7-checkbox wpcf7-validates-as-required\"><span class=\"wpcf7-list-item first\"><label><input type=\"checkbox\" name=\"checkbox-285[]\" value=\"Barcelona\" \/><span class=\"wpcf7-list-item-label\">Barcelona<\/span><\/label><\/span><span class=\"wpcf7-list-item\"><label><input type=\"checkbox\" name=\"checkbox-285[]\" value=\"Lleida\" \/><span class=\"wpcf7-list-item-label\">Lleida<\/span><\/label><\/span><span class=\"wpcf7-list-item\"><label><input type=\"checkbox\" name=\"checkbox-285[]\" value=\"Valencia\" \/><span class=\"wpcf7-list-item-label\">Valencia<\/span><\/label><\/span><span class=\"wpcf7-list-item last\"><label><input type=\"checkbox\" name=\"checkbox-285[]\" value=\"Zaragoza\" \/><span class=\"wpcf7-list-item-label\">Zaragoza<\/span><\/label><\/span><\/span><\/span><\/p>\n<p><b>Permiso de conducir:<\/b>\n<span class=\"wpcf7-form-control-wrap checkbox-183\"><span class=\"wpcf7-form-control wpcf7-checkbox wpcf7-validates-as-required wpcf7-exclusive-checkbox\"><span class=\"wpcf7-list-item first\"><label><input type=\"checkbox\" name=\"checkbox-183\" value=\"Permiso B\" \/><span class=\"wpcf7-list-item-label\">Permiso B<\/span><\/label><\/span><span class=\"wpcf7-list-item\"><label><input type=\"checkbox\" name=\"checkbox-183\" value=\"Permiso C\" \/><span class=\"wpcf7-list-item-label\">Permiso C<\/span><\/label><\/span><span class=\"wpcf7-list-item last\"><label><input type=\"checkbox\" name=\"checkbox-183\" value=\"Permiso C+E\" \/><span class=\"wpcf7-list-item-label\">Permiso C+E<\/span><\/label><\/span><\/span><\/span><\/p>\n<p><b>Adjuntar CV<\/b>\n<span class=\"wpcf7-form-control-wrap file-965\"><input type=\"file\" name=\"file-965\" size=\"40\" class=\"wpcf7-form-control wpcf7-file\" accept=\".jpg,.jpeg,.png,.gif,.pdf,.doc,.docx,.ppt,.pptx,.odt,.avi,.ogg,.m4a,.mov,.mp3,.mp4,.mpg,.wav,.wmv\" aria-invalid=\"false\" \/><\/span><\/p>\n<p><b>Carta de presentaci\u00f3n<\/b> (opcional)\n    <span class=\"wpcf7-form-control-wrap your-message\"><textarea name=\"your-message\" cols=\"40\" rows=\"10\" class=\"wpcf7-form-control wpcf7-textarea\" aria-invalid=\"false\"><\/textarea><\/span><\/p>\n<p><b>Experiencia laboral<\/b> (obligatoria si no se adjunta CV)\n<span class=\"wpcf7-form-control-wrap textarea-307\"><textarea name=\"textarea-307\" cols=\"40\" rows=\"10\" class=\"wpcf7-form-control wpcf7-textarea\" aria-invalid=\"false\"><\/textarea><\/span><\/p>\n<p><b>Formaci\u00f3n acad\u00e9mica<\/b> (obligatoria si no se adjunta CV)\n<span class=\"wpcf7-form-control-wrap textarea-308\"><textarea name=\"textarea-308\" cols=\"40\" rows=\"10\" class=\"wpcf7-form-control wpcf7-textarea\" aria-invalid=\"false\"><\/textarea><\/span><\/p>\n<p><b>Otros datos<\/b>\n<span class=\"wpcf7-form-control-wrap textarea-309\"><textarea name=\"textarea-309\" cols=\"40\" rows=\"10\" class=\"wpcf7-form-control wpcf7-textarea\" aria-invalid=\"false\"><\/textarea><\/span><\/p>\n<p><span class=\"wpcf7-form-control-wrap acceptance-838\"><span class=\"wpcf7-form-control wpcf7-acceptance\"><span class=\"wpcf7-list-item\"><label><input type=\"checkbox\" name=\"acceptance-838\" value=\"1\" aria-invalid=\"false\" \/><span class=\"wpcf7-list-item-label\">He le\u00eddo y acepto la <a href=\"https:\/\/www.atrobles.es\/?page_id=954\" target=\"_blank\">Pol\u00edtica de privacidad<\/a>.<\/span><\/label><\/span><\/span><\/span>\n<span class=\"wpcf7-form-control-wrap acceptance-836\"><span class=\"wpcf7-form-control wpcf7-acceptance\"><span class=\"wpcf7-list-item\"><label><input type=\"checkbox\" name=\"acceptance-836\" value=\"1\" aria-invalid=\"false\" \/><span class=\"wpcf7-list-item-label\">Autorizo el tratamiento de sus datos para los procesos de selecci\u00f3n de la empresa.<\/span><\/label><\/span><\/span><\/span><\/p>\n<p class=\"aiowps-captcha hide-when-displaying-tfa-input\"><label for=\"aiowps-captcha-answer\">Por favor, introduce una respuesta en d\u00edgitos:<\/label>\n<div class=\"aiowps-captcha-equation hide-when-displaying-tfa-input\"><strong>diecisiete &#8722; 15 = <input type=\"hidden\" name=\"aiowps-captcha-string-info\" class=\"aiowps-captcha-string-info\" value=\"f401xfkmpz\" \/><input type=\"hidden\" name=\"aiowps-captcha-temp-string\" class=\"aiowps-captcha-temp-string\" value=\"1776566760\" \/><input type=\"text\" size=\"2\" class=\"aiowps-captcha-answer\" name=\"aiowps-captcha-answer\" value=\"\" autocomplete=\"off\" \/><\/strong><\/div>\n<\/p>\n<p><span class='wpcf7-form-control-wrap' data-name='aiowps-captcha'><\/span><input type=\"submit\" value=\"Enviar\" class=\"wpcf7-form-control wpcf7-submit\" \/><\/p>\n<div class=\"wpcf7-response-output\" aria-hidden=\"true\"><\/div><\/form><\/div>\n\t\t\t\t<\/div>\n","protected":false},"excerpt":{"rendered":"","protected":false},"author":1,"featured_media":0,"parent":0,"menu_order":0,"comment_status":"open","ping_status":"open","template":"","meta":{"_et_pb_use_builder":"","_et_pb_old_content":"","_et_gb_content_width":""},"_links":{"self":[{"href":"https:\/\/www.atrobles.es\/index.php?rest_route=\/wp\/v2\/pages\/233"}],"collection":[{"href":"https:\/\/www.atrobles.es\/index.php?rest_route=\/wp\/v2\/pages"}],"about":[{"href":"https:\/\/www.atrobles.es\/index.php?rest_route=\/wp\/v2\/types\/page"}],"author":[{"embeddable":true,"href":"https:\/\/www.atrobles.es\/index.php?rest_route=\/wp\/v2\/users\/1"}],"replies":[{"embeddable":true,"href":"https:\/\/www.atrobles.es\/index.php?rest_route=%2Fwp%2Fv2%2Fcomments&post=233"}],"version-history":[{"count":8,"href":"https:\/\/www.atrobles.es\/index.php?rest_route=\/wp\/v2\/pages\/233\/revisions"}],"predecessor-version":[{"id":676,"href":"https:\/\/www.atrobles.es\/index.php?rest_route=\/wp\/v2\/pages\/233\/revisions\/676"}],"wp:attachment":[{"href":"https:\/\/www.atrobles.es\/index.php?rest_route=%2Fwp%2Fv2%2Fmedia&parent=233"}],"curies":[{"name":"wp","href":"https:\/\/api.w.org\/{rel}","templated":true}]}}