{"id":661,"date":"2020-02-28T13:20:07","date_gmt":"2020-02-28T13:20:07","guid":{"rendered":"http:\/\/www.atrobles.es\/?page_id=661"},"modified":"2021-07-01T10:26:37","modified_gmt":"2021-07-01T10:26:37","slug":"politica-de-privacidad","status":"publish","type":"page","link":"https:\/\/www.atrobles.es\/?page_id=661","title":{"rendered":"POL\u00cdTICA DE PRIVACIDAD-vella"},"content":{"rendered":"<p>Responsable: AGENCIA TRANSPORTES ROBLES, S.A., es el responsable del tratamiento de los datos personales de nuestros clientes y les informa que estos datos ser\u00e1n tratados de conformidad con lo dispuesto en el Reglamento (UE) 2016\/679 de 27 de abril de 2016 (GDPR), por lo que se le facilita la siguiente informaci\u00f3n del tratamiento:<\/p>\n<p>&nbsp;<\/p>\n<p>Finalidad del tratamiento:<\/p>\n<p>&#8211; La prestaci\u00f3n de nuestros servicios relacionados con Transporte<\/p>\n<p>&#8211; Dar respuesta a las solicitudes de informaci\u00f3n que nos haga llegar a trav\u00e9s de los formularios de contacto<\/p>\n<p>&nbsp;<\/p>\n<p>Legitimaci\u00f3n: por consentimiento del interesado<\/p>\n<p>&nbsp;<\/p>\n<p>Criterios de conservaci\u00f3n de los datos: se conservar\u00e1n mientras exista un inter\u00e9s mutuo para mantener el fin del tratamiento y cuando ya no sea necesario para tal fin, se suprimir\u00e1n con medidas de seguridad adecuadas para garantizar la seudonimizaci\u00f3n de los datos o la destrucci\u00f3n total de los mismos.<\/p>\n<p>&nbsp;<\/p>\n<p>Destinatarios: no se comunicar\u00e1n los datos a terceros, excepto cuando sea necesario para la prestaci\u00f3n del servicio contratado, o en los casos en que exista obligaci\u00f3n legal.<\/p>\n<p>&nbsp;<\/p>\n<p>Derechos que asisten al Interesado:<\/p>\n<p>&#8211; Derecho a retirar el consentimiento en cualquier momento.<\/p>\n<p>&#8211; Derecho de acceso, rectificaci\u00f3n, portabilidad y supresi\u00f3n de sus datos y a la limitaci\u00f3n u oposici\u00f3n a su tratamiento.<\/p>\n<p>&#8211; Derecho a presentar una reclamaci\u00f3n ante la Autoridad de control (www.agpd.es) si considera que el tratamiento no se ajusta a la normativa vigente.<\/p>\n<p>&nbsp;<\/p>\n<p>Datos de contacto del Responsable del Tratamiento, para ejercer sus derechos:<\/p>\n<p>Titular: AGENCIA TRANSPORTES ROBLES, S.A.<\/p>\n<p>C.I.F: A25042888<\/p>\n<p>Domicilio social: cPol\u00edgono Industrial Cam\u00ed dels Frares, 39 &#8211; 25191 &#8211; Lleida &#8211; LLEIDA<\/p>\n<p>E-mail: atrobles@www.atrobles.es<\/p>\n<p>Tel\u00e9fono: 973257812<\/p>\n<div id=\"gtx-trans\" style=\"position: absolute; left: -6px; top: 0px;\"><\/div>\n","protected":false},"excerpt":{"rendered":"<p>Responsable: AGENCIA TRANSPORTES ROBLES, S.A., es el responsable del tratamiento de los datos personales de nuestros clientes y les informa que estos datos ser\u00e1n tratados de conformidad con lo dispuesto en el Reglamento (UE) 2016\/679 de 27 de abril de 2016 (GDPR), por lo que se le facilita la siguiente informaci\u00f3n del tratamiento: &nbsp; Finalidad [&hellip;]<\/p>\n","protected":false},"author":1,"featured_media":0,"parent":0,"menu_order":0,"comment_status":"closed","ping_status":"closed","template":"","meta":{"_et_pb_use_builder":"","_et_pb_old_content":"","_et_gb_content_width":""},"_links":{"self":[{"href":"https:\/\/www.atrobles.es\/index.php?rest_route=\/wp\/v2\/pages\/661"}],"collection":[{"href":"https:\/\/www.atrobles.es\/index.php?rest_route=\/wp\/v2\/pages"}],"about":[{"href":"https:\/\/www.atrobles.es\/index.php?rest_route=\/wp\/v2\/types\/page"}],"author":[{"embeddable":true,"href":"https:\/\/www.atrobles.es\/index.php?rest_route=\/wp\/v2\/users\/1"}],"replies":[{"embeddable":true,"href":"https:\/\/www.atrobles.es\/index.php?rest_route=%2Fwp%2Fv2%2Fcomments&post=661"}],"version-history":[{"count":2,"href":"https:\/\/www.atrobles.es\/index.php?rest_route=\/wp\/v2\/pages\/661\/revisions"}],"predecessor-version":[{"id":952,"href":"https:\/\/www.atrobles.es\/index.php?rest_route=\/wp\/v2\/pages\/661\/revisions\/952"}],"wp:attachment":[{"href":"https:\/\/www.atrobles.es\/index.php?rest_route=%2Fwp%2Fv2%2Fmedia&parent=661"}],"curies":[{"name":"wp","href":"https:\/\/api.w.org\/{rel}","templated":true}]}}