{"id":696,"date":"2021-06-21T11:28:07","date_gmt":"2021-06-21T11:28:07","guid":{"rendered":"http:\/\/www.atrobles.es\/?page_id=696"},"modified":"2025-05-19T07:42:33","modified_gmt":"2025-05-19T07:42:33","slug":"inicio","status":"publish","type":"page","link":"https:\/\/www.atrobles.es\/","title":{"rendered":"INICIO"},"content":{"rendered":"<p>[et_pb_section fb_built=\u00bb1&#8243; fullwidth=\u00bbon\u00bb disabled_on=\u00bbon|on|off\u00bb _builder_version=\u00bb4.9.7&#8243; _module_preset=\u00bbdefault\u00bb][et_pb_fullwidth_slider _builder_version=\u00bb4.9.7&#8243; _module_preset=\u00bbdefault\u00bb min_height=\u00bb957px\u00bb][et_pb_slide _builder_version=\u00bb4.9.7&#8243; _module_preset=\u00bbdefault\u00bb background_enable_color=\u00bboff\u00bb background_image=\u00bbhttp:\/\/www.atrobles.es\/wp-content\/uploads\/2021\/07\/ROBLES-slider.jpg\u00bb background_enable_image=\u00bbon\u00bb sticky_transition=\u00bbon\u00bb][\/et_pb_slide][\/et_pb_fullwidth_slider][\/et_pb_section][et_pb_section fb_built=\u00bb1&#8243; fullwidth=\u00bbon\u00bb disabled_on=\u00bboff|off|on\u00bb _builder_version=\u00bb4.9.7&#8243; _module_preset=\u00bbdefault\u00bb min_height=\u00bb575px\u00bb custom_padding=\u00bb||0px|||\u00bb][et_pb_fullwidth_slider _builder_version=\u00bb4.9.7&#8243; _module_preset=\u00bbdefault\u00bb min_height=\u00bb584px\u00bb custom_margin=\u00bb||10px|||\u00bb custom_padding=\u00bb||0px|||\u00bb][et_pb_slide _builder_version=\u00bb4.9.7&#8243; _module_preset=\u00bbdefault\u00bb background_enable_color=\u00bboff\u00bb background_image=\u00bbhttp:\/\/www.atrobles.es\/wp-content\/uploads\/2021\/07\/ROBLES-slider-1.jpg\u00bb background_enable_image=\u00bbon\u00bb sticky_transition=\u00bbon\u00bb][\/et_pb_slide][\/et_pb_fullwidth_slider][\/et_pb_section][et_pb_section fb_built=\u00bb1&#8243; _builder_version=\u00bb4.9.7&#8243; _module_preset=\u00bbdefault\u00bb custom_margin=\u00bb0px|||||\u00bb][et_pb_row column_structure=\u00bb1_3,1_3,1_3&#8243; _builder_version=\u00bb4.9.7&#8243; _module_preset=\u00bbdefault\u00bb min_height=\u00bb393.5px\u00bb][et_pb_column type=\u00bb1_3&#8243; _builder_version=\u00bb4.9.7&#8243; _module_preset=\u00bbdefault\u00bb][et_pb_image src=\u00bbhttp:\/\/www.atrobles.es\/wp-content\/uploads\/2021\/06\/ROBLES-icon1.png\u00bb title_text=\u00bbROBLES-icon1&#8243; align=\u00bbcenter\u00bb _builder_version=\u00bb4.9.7&#8243; _module_preset=\u00bbdefault\u00bb][\/et_pb_image][et_pb_text _builder_version=\u00bb4.9.7&#8243; _module_preset=\u00bbdefault\u00bb]<\/p>\n<h3 style=\"text-align: center;\"><strong>MISI\u00d3N<\/strong><\/h3>\n<p style=\"text-align: center;\">Ofrecer servicios de transpor-te de calidad, adaptado a las necesidades actuales del cliente y el entorno.<\/p>\n<p>[\/et_pb_text][\/et_pb_column][et_pb_column type=\u00bb1_3&#8243; _builder_version=\u00bb4.9.7&#8243; _module_preset=\u00bbdefault\u00bb][et_pb_image src=\u00bbhttp:\/\/www.atrobles.es\/wp-content\/uploads\/2021\/06\/ROBLES-icon2.png\u00bb title_text=\u00bbROBLES-icon2&#8243; align=\u00bbcenter\u00bb _builder_version=\u00bb4.9.7&#8243; _module_preset=\u00bbdefault\u00bb][\/et_pb_image][et_pb_text _builder_version=\u00bb4.9.7&#8243; _module_preset=\u00bbdefault\u00bb]<\/p>\n<h3 style=\"text-align: center;\"><strong>VISI\u00d3N<\/strong><\/h3>\n<p style=\"text-align: center;\">Contribuir a una cadena agroalimentaria sostenible minimizando el impacto del trans-porte en la sociedad con la satisfacci\u00f3n del cliente como objetivo.<\/p>\n<p>[\/et_pb_text][\/et_pb_column][et_pb_column type=\u00bb1_3&#8243; _builder_version=\u00bb4.9.7&#8243; _module_preset=\u00bbdefault\u00bb][et_pb_image src=\u00bbhttp:\/\/www.atrobles.es\/wp-content\/uploads\/2021\/06\/ROBLES-icon3.png\u00bb title_text=\u00bbROBLES-icon3&#8243; align=\u00bbcenter\u00bb _builder_version=\u00bb4.9.7&#8243; _module_preset=\u00bbdefault\u00bb][\/et_pb_image][et_pb_text _builder_version=\u00bb4.9.7&#8243; _module_preset=\u00bbdefault\u00bb]<\/p>\n<h3 style=\"text-align: center;\"><strong>VALORES<\/strong><\/h3>\n<p style=\"text-align: center;\">Compromiso, esfuerzo, trabajo en equipo, transparencia e innovaci\u00f3n<\/p>\n<p>[\/et_pb_text][\/et_pb_column][\/et_pb_row][et_pb_row _builder_version=\u00bb4.9.7&#8243; _module_preset=\u00bbdefault\u00bb][et_pb_column type=\u00bb4_4&#8243; _builder_version=\u00bb4.9.7&#8243; _module_preset=\u00bbdefault\u00bb][et_pb_text _builder_version=\u00bb4.9.7&#8243; _module_preset=\u00bbdefault\u00bb header_4_line_height=\u00bb1.4em\u00bb]<\/p>\n<h4 class=\"p1\" style=\"text-align: justify;\">Nos avala una experiencia de m\u00e1s de 50 a\u00f1os en el sector del transporte por carretera, nuestro objetivo es ofrecer un transporte de mercanc\u00edas de calidad, adapt\u00e1ndonos a las necesidades del cliente. Para nosotros la primera norma es cuidar de su carga. Por este motivo centramos todo nuestro esfuerzo en tres puntos clave, \u201cSeguridad\u201d, \u201cTrazabilidad\u201d y \u201cGesti\u00f3n\u201d.<\/h4>\n<h4 class=\"p1\" style=\"text-align: justify;\"><\/h4>\n<h4 class=\"p1\" style=\"text-align: justify;\">Tenemos trazabilidad total de la expedici\u00f3n en tiempo real con seguimiento por GPS y control de la temperatura. Realizamos todo tipo de servicios con mercanc\u00eda paletizada y somos especialistas en distribuci\u00f3n urbana.<\/h4>\n<p>[\/et_pb_text][\/et_pb_column][\/et_pb_row][\/et_pb_section][et_pb_section fb_built=\u00bb1&#8243; disabled_on=\u00bbon|on|off\u00bb _builder_version=\u00bb4.9.7&#8243; _module_preset=\u00bbdefault\u00bb background_color=\u00bb#ff5200&#8243; min_height=\u00bb205px\u00bb custom_margin=\u00bb104px||-226px|||\u00bb custom_padding=\u00bb0px||4px|||\u00bb][et_pb_row column_structure=\u00bb1_2,1_2&#8243; _builder_version=\u00bb4.9.7&#8243; _module_preset=\u00bbdefault\u00bb][et_pb_column type=\u00bb1_2&#8243; _builder_version=\u00bb4.9.7&#8243; _module_preset=\u00bbdefault\u00bb][et_pb_image src=\u00bbhttp:\/\/www.atrobles.es\/wp-content\/uploads\/2021\/06\/ROBLES-flota.jpg\u00bb title_text=\u00bbROBLES-flota\u00bb _builder_version=\u00bb4.9.7&#8243; _module_preset=\u00bbdefault\u00bb background_enable_color=\u00bboff\u00bb min_height=\u00bb219px\u00bb custom_margin=\u00bb-70px||-74px|||\u00bb custom_padding=\u00bb0px||1px|||\u00bb][\/et_pb_image][\/et_pb_column][et_pb_column type=\u00bb1_2&#8243; _builder_version=\u00bb4.9.7&#8243; _module_preset=\u00bbdefault\u00bb][et_pb_text _builder_version=\u00bb4.9.7&#8243; _module_preset=\u00bbdefault\u00bb]<\/p>\n<h2><strong><\/strong><\/h2>\n<h2><span style=\"color: #ffffff;\"><strong>NUESTRA FLOTA<\/strong><strong><\/strong><\/span><\/h2>\n<p><span style=\"color: #ffffff;\"><strong><\/strong><\/span><\/p>\n<p><span style=\"color: #ffffff;\"><strong><\/strong><\/span><\/p>\n<h3><span style=\"color: #ffffff;\"><strong>Disponemos de una gran variedad de veh\u00edculos y soluciones con una \ufb02ota propia que trabaja las 24 horas del d\u00eda los 365 d\u00edas del a\u00f1o.<\/strong><\/span><\/h3>\n<p><a href=\"https:\/\/atrobles.es\/?page_id=800\"><span style=\"color: #000000;\"><strong>LEER M\u00c1S<\/strong><\/span><\/a><\/p>\n<p>[\/et_pb_text][\/et_pb_column][\/et_pb_row][\/et_pb_section][et_pb_section fb_built=\u00bb1&#8243; disabled_on=\u00bbon|on|off\u00bb _builder_version=\u00bb4.9.7&#8243; _module_preset=\u00bbdefault\u00bb min_height=\u00bb220px\u00bb custom_margin=\u00bb221px|||||\u00bb custom_padding=\u00bb48px|||||\u00bb][\/et_pb_section][et_pb_section fb_built=\u00bb1&#8243; disabled_on=\u00bbon|on|off\u00bb _builder_version=\u00bb4.9.7&#8243; _module_preset=\u00bbdefault\u00bb background_color=\u00bb#c7c8c9&#8243; min_height=\u00bb316px\u00bb custom_margin=\u00bb-64px||-226px|||\u00bb custom_padding=\u00bb0px||0px|||\u00bb][et_pb_row column_structure=\u00bb1_2,1_2&#8243; _builder_version=\u00bb4.9.7&#8243; _module_preset=\u00bbdefault\u00bb custom_margin=\u00bb|auto|-133px|auto||\u00bb custom_padding=\u00bb||0px|||\u00bb][et_pb_column type=\u00bb1_2&#8243; _builder_version=\u00bb4.9.7&#8243; _module_preset=\u00bbdefault\u00bb][et_pb_text _builder_version=\u00bb4.9.7&#8243; _module_preset=\u00bbdefault\u00bb]<\/p>\n<h2 style=\"text-align: right;\"><strong><\/strong><\/h2>\n<h2 style=\"text-align: right;\"><span style=\"color: #000000;\"><strong>CAMIONES DE GAS<\/strong><strong><\/strong><\/span><\/h2>\n<p style=\"text-align: right;\"><span style=\"color: #000000;\"><strong><\/strong><\/span><\/p>\n<p style=\"text-align: right;\"><span style=\"color: #000000;\"><strong><\/strong><\/span><\/p>\n<h3 style=\"text-align: right;\"><span style=\"color: #000000;\"><strong>Nuestro compromiso es ofrecer un transporte e\ufb01ciente y m\u00e1s sostenible, por ello m\u00e1s respetuoso con el medio ambiente.<\/strong><\/span><\/h3>\n<p style=\"text-align: right;\"><a href=\"https:\/\/atrobles.es\/?page_id=800\"><span style=\"color: #ffffff;\"><strong>LEER M\u00c1S<\/strong><\/span><\/a><\/p>\n<p>[\/et_pb_text][et_pb_image src=\u00bbhttp:\/\/www.atrobles.es\/wp-content\/uploads\/2021\/06\/ROBLES-certificats.png\u00bb title_text=\u00bbROBLES-certificats\u00bb _builder_version=\u00bb4.9.7&#8243; _module_preset=\u00bbdefault\u00bb width=\u00bb63.2%\u00bb min_height=\u00bb172px\u00bb custom_padding=\u00bb|0px|0px|||\u00bb][\/et_pb_image][\/et_pb_column][et_pb_column type=\u00bb1_2&#8243; _builder_version=\u00bb4.9.7&#8243; _module_preset=\u00bbdefault\u00bb][et_pb_image src=\u00bbhttp:\/\/www.atrobles.es\/wp-content\/uploads\/2021\/07\/ROBLES-acordsvoluntaris.jpg\u00bb title_text=\u00bbROBLES-acordsvoluntaris\u00bb _builder_version=\u00bb4.9.7&#8243; _module_preset=\u00bbdefault\u00bb background_enable_color=\u00bboff\u00bb min_height=\u00bb219px\u00bb custom_margin=\u00bb-70px||-74px|||\u00bb custom_padding=\u00bb0px||1px|||\u00bb][\/et_pb_image][\/et_pb_column][\/et_pb_row][\/et_pb_section][et_pb_section fb_built=\u00bb1&#8243; disabled_on=\u00bbon|on|off\u00bb _builder_version=\u00bb4.9.7&#8243; _module_preset=\u00bbdefault\u00bb min_height=\u00bb72px\u00bb custom_margin=\u00bb110px|||||\u00bb custom_padding=\u00bb||103px|||\u00bb][\/et_pb_section][et_pb_section fb_built=\u00bb1&#8243; disabled_on=\u00bboff|off|on\u00bb _builder_version=\u00bb4.9.7&#8243; _module_preset=\u00bbdefault\u00bb background_color=\u00bb#ff5200&#8243; min_height=\u00bb338.3px\u00bb custom_margin=\u00bb110px|||||\u00bb custom_padding=\u00bb||5px|||\u00bb][et_pb_row _builder_version=\u00bb4.9.7&#8243; _module_preset=\u00bbdefault\u00bb min_height=\u00bb182.3px\u00bb custom_margin=\u00bb-118px|auto||auto||\u00bb][et_pb_column type=\u00bb4_4&#8243; _builder_version=\u00bb4.9.7&#8243; _module_preset=\u00bbdefault\u00bb][et_pb_image src=\u00bbhttp:\/\/www.atrobles.es\/wp-content\/uploads\/2021\/07\/ROBLES-flota.jpg\u00bb title_text=\u00bbROBLES-flota\u00bb _builder_version=\u00bb4.9.7&#8243; _module_preset=\u00bbdefault\u00bb custom_padding=\u00bb0px|||||\u00bb][\/et_pb_image][et_pb_text _builder_version=\u00bb4.9.7&#8243; _module_preset=\u00bbdefault\u00bb]<\/p>\n<h2><strong><span style=\"color: #ffffff;\">NUESTA FLOTA<\/span><\/strong><\/h2>\n<h4><strong><span style=\"color: #ffffff;\">Disponemos de una gran variedad de veh\u00edculos y soluciones con una flota propia que trabaja las 24 horas del d\u00eda los 365 d\u00edas del a\u00f1o.<\/span><\/strong><\/h4>\n<h6><\/h6>\n<h6><\/h6>\n<h6><strong><a href=\"https:\/\/www.atrobles.es\/?page_id=800\">LEER M\u00c1S<\/a><\/strong><\/h6>\n<p>[\/et_pb_text][\/et_pb_column][\/et_pb_row][\/et_pb_section][et_pb_section fb_built=\u00bb1&#8243; disabled_on=\u00bboff|off|on\u00bb _builder_version=\u00bb4.9.7&#8243; _module_preset=\u00bbdefault\u00bb background_color=\u00bb#c7c8c9&#8243; min_height=\u00bb338.3px\u00bb custom_margin=\u00bb110px||-101px|||\u00bb custom_padding=\u00bb||0px|||\u00bb][et_pb_row _builder_version=\u00bb4.9.7&#8243; _module_preset=\u00bbdefault\u00bb min_height=\u00bb182.3px\u00bb custom_margin=\u00bb-118px|auto||auto||\u00bb custom_padding=\u00bb||0px|||\u00bb][et_pb_column type=\u00bb4_4&#8243; _builder_version=\u00bb4.9.7&#8243; _module_preset=\u00bbdefault\u00bb][et_pb_image src=\u00bbhttp:\/\/www.atrobles.es\/wp-content\/uploads\/2021\/07\/ROBLES-acordsvoluntaris-1.jpg\u00bb title_text=\u00bbROBLES-acordsvoluntaris\u00bb _builder_version=\u00bb4.9.7&#8243; _module_preset=\u00bbdefault\u00bb custom_padding=\u00bb0px|||||\u00bb][\/et_pb_image][et_pb_text _builder_version=\u00bb4.9.7&#8243; _module_preset=\u00bbdefault\u00bb]<\/p>\n<h2><span style=\"color: #000000;\"><strong>CAMIONES DE GAS<\/strong><\/span><\/h2>\n<h4><span style=\"color: #000000;\"><strong>Nuestro compromiso es ofrecer un transporte eficiente y m\u00e1s sostenible, por ello m\u00e1s respetuoso con el medio ambiente.<\/strong><\/span><\/h4>\n<h6><\/h6>\n<h6><\/h6>\n<h6><span style=\"color: #ffffff;\"><strong><a href=\"https:\/\/www.atrobles.es\/?page_id=800\" style=\"color: #ffffff;\">LEER M\u00c1S<\/a><\/strong><\/span><\/h6>\n<p>[\/et_pb_text][et_pb_image src=\u00bbhttp:\/\/www.atrobles.es\/wp-content\/uploads\/2021\/07\/ROBLES-certificats.png\u00bb title_text=\u00bbROBLES-certificats\u00bb _builder_version=\u00bb4.9.7&#8243; _module_preset=\u00bbdefault\u00bb custom_padding=\u00bb||0px|||\u00bb][\/et_pb_image][\/et_pb_column][\/et_pb_row][\/et_pb_section][et_pb_section fb_built=\u00bb1&#8243; _builder_version=\u00bb4.9.7&#8243; _module_preset=\u00bbdefault\u00bb custom_padding=\u00bb164px|||||\u00bb][et_pb_row _builder_version=\u00bb4.9.7&#8243; _module_preset=\u00bbdefault\u00bb][et_pb_column type=\u00bb4_4&#8243; _builder_version=\u00bb4.9.7&#8243; _module_preset=\u00bbdefault\u00bb][et_pb_button button_url=\u00bbhttps:\/\/atrobles.es\/?page_id=831&#8243; button_text=\u00bbTRABAJA CON NOSOTROS\u00bb button_alignment=\u00bbcenter\u00bb _builder_version=\u00bb4.9.7&#8243; _module_preset=\u00bbdefault\u00bb custom_button=\u00bbon\u00bb button_text_size=\u00bb33px\u00bb button_text_color=\u00bb#FFFFFF\u00bb button_bg_color=\u00bb#ff5200&#8243; button_border_width=\u00bb0px\u00bb button_border_radius=\u00bb0px\u00bb button_font=\u00bb|700|||||||\u00bb][\/et_pb_button][\/et_pb_column][\/et_pb_row][\/et_pb_section][et_pb_section fb_built=\u00bb1&#8243; _builder_version=\u00bb4.9.7&#8243; _module_preset=\u00bbdefault\u00bb][et_pb_row _builder_version=\u00bb4.9.7&#8243; _module_preset=\u00bbdefault\u00bb][et_pb_column type=\u00bb4_4&#8243; _builder_version=\u00bb4.9.7&#8243; _module_preset=\u00bbdefault\u00bb][et_pb_text _builder_version=\u00bb4.9.7&#8243; _module_preset=\u00bbdefault\u00bb]<\/p>\n<h3><span style=\"color: #ff5200;\"><strong>NOTICIAS<\/strong><\/span><\/h3>\n<p>[\/et_pb_text][et_pb_blog fullwidth=\u00bboff\u00bb posts_number=\u00bb3&#8243; meta_date=\u00bbj M Y\u00bb show_more=\u00bbon\u00bb _builder_version=\u00bb4.9.7&#8243; _module_preset=\u00bbdefault\u00bb][\/et_pb_blog][\/et_pb_column][\/et_pb_row][\/et_pb_section][et_pb_section fb_built=\u00bb1&#8243; _builder_version=\u00bb4.9.7&#8243; _module_preset=\u00bbdefault\u00bb min_height=\u00bb147px\u00bb custom_margin=\u00bb0px|0px|0px|0px|false|false\u00bb custom_padding=\u00bb0px|0px|0px|0px|false|false\u00bb][et_pb_row _builder_version=\u00bb4.9.7&#8243; _module_preset=\u00bbdefault\u00bb][et_pb_column type=\u00bb4_4&#8243; _builder_version=\u00bb4.9.7&#8243; _module_preset=\u00bbdefault\u00bb][et_pb_divider divider_weight=\u00bb4px\u00bb _builder_version=\u00bb4.9.7&#8243; _module_preset=\u00bbdefault\u00bb][\/et_pb_divider][et_pb_text _builder_version=\u00bb4.9.7&#8243; _module_preset=\u00bbdefault\u00bb hover_enabled=\u00bb0&#8243; sticky_enabled=\u00bb0&#8243;]<\/p>\n<p style=\"text-align: center;\"><span>AGENCIA TRANSPORTES ROBLES, S.A.U.ha estat beneficiaria dels Ajuts per a la transformaci\u00f3 de flotes de transport de viatgers i mercaderies (Reial Decret 983\/2021), en el marc del Pla de Recuperaci\u00f3, Transformaci\u00f3 i Resili\u00e8ncia. Amb l&#8217;adquisici\u00f3 d&#8217;aquests vehicles. AGENCIA TRANSPORTES ROBLES, S.A.U. avan\u00e7a cap a l&#8217;objectiu d&#8217;aconseguir un model de transport m\u00e9s sostenible i eficient.<\/span><\/p>\n<p style=\"text-align: right;\">[\/et_pb_text][et_pb_image src=\u00bbhttp:\/\/www.atrobles.es\/wp-content\/uploads\/2025\/05\/Captura-de-Pantalla-2025-05-19-a-las-9.41.42.png\u00bb title_text=\u00bbCaptura de Pantalla 2025-05-19 a las 9.41.42&#8243; align=\u00bbcenter\u00bb _builder_version=\u00bb4.9.7&#8243; _module_preset=\u00bbdefault\u00bb width=\u00bb100%\u00bb max_width=\u00bb1920px\u00bb hover_enabled=\u00bb0&#8243; sticky_enabled=\u00bb0&#8243;][\/et_pb_image][\/et_pb_column][\/et_pb_row][\/et_pb_section]<\/p>\n","protected":false},"excerpt":{"rendered":"<p>[et_pb_section fb_built=\u00bb1&#8243; fullwidth=\u00bbon\u00bb disabled_on=\u00bbon|on|off\u00bb _builder_version=\u00bb4.9.7&#8243; _module_preset=\u00bbdefault\u00bb][et_pb_fullwidth_slider _builder_version=\u00bb4.9.7&#8243; _module_preset=\u00bbdefault\u00bb min_height=\u00bb957px\u00bb][et_pb_slide _builder_version=\u00bb4.9.7&#8243; _module_preset=\u00bbdefault\u00bb background_enable_color=\u00bboff\u00bb background_image=\u00bbhttp:\/\/www.atrobles.es\/wp-content\/uploads\/2021\/07\/ROBLES-slider.jpg\u00bb background_enable_image=\u00bbon\u00bb sticky_transition=\u00bbon\u00bb][\/et_pb_slide][\/et_pb_fullwidth_slider][\/et_pb_section][et_pb_section fb_built=\u00bb1&#8243; fullwidth=\u00bbon\u00bb disabled_on=\u00bboff|off|on\u00bb _builder_version=\u00bb4.9.7&#8243; _module_preset=\u00bbdefault\u00bb min_height=\u00bb575px\u00bb custom_padding=\u00bb||0px|||\u00bb][et_pb_fullwidth_slider _builder_version=\u00bb4.9.7&#8243; _module_preset=\u00bbdefault\u00bb min_height=\u00bb584px\u00bb custom_margin=\u00bb||10px|||\u00bb custom_padding=\u00bb||0px|||\u00bb][et_pb_slide _builder_version=\u00bb4.9.7&#8243; _module_preset=\u00bbdefault\u00bb background_enable_color=\u00bboff\u00bb background_image=\u00bbhttp:\/\/www.atrobles.es\/wp-content\/uploads\/2021\/07\/ROBLES-slider-1.jpg\u00bb background_enable_image=\u00bbon\u00bb sticky_transition=\u00bbon\u00bb][\/et_pb_slide][\/et_pb_fullwidth_slider][\/et_pb_section][et_pb_section fb_built=\u00bb1&#8243; _builder_version=\u00bb4.9.7&#8243; _module_preset=\u00bbdefault\u00bb custom_margin=\u00bb0px|||||\u00bb][et_pb_row column_structure=\u00bb1_3,1_3,1_3&#8243; _builder_version=\u00bb4.9.7&#8243; _module_preset=\u00bbdefault\u00bb min_height=\u00bb393.5px\u00bb][et_pb_column type=\u00bb1_3&#8243; _builder_version=\u00bb4.9.7&#8243; _module_preset=\u00bbdefault\u00bb][et_pb_image src=\u00bbhttp:\/\/www.atrobles.es\/wp-content\/uploads\/2021\/06\/ROBLES-icon1.png\u00bb title_text=\u00bbROBLES-icon1&#8243; align=\u00bbcenter\u00bb _builder_version=\u00bb4.9.7&#8243; _module_preset=\u00bbdefault\u00bb][\/et_pb_image][et_pb_text _builder_version=\u00bb4.9.7&#8243; _module_preset=\u00bbdefault\u00bb] MISI\u00d3N Ofrecer servicios de [&hellip;]<\/p>\n","protected":false},"author":2,"featured_media":0,"parent":0,"menu_order":0,"comment_status":"closed","ping_status":"closed","template":"","meta":{"_et_pb_use_builder":"on","_et_pb_old_content":"","_et_gb_content_width":""},"_links":{"self":[{"href":"https:\/\/www.atrobles.es\/index.php?rest_route=\/wp\/v2\/pages\/696"}],"collection":[{"href":"https:\/\/www.atrobles.es\/index.php?rest_route=\/wp\/v2\/pages"}],"about":[{"href":"https:\/\/www.atrobles.es\/index.php?rest_route=\/wp\/v2\/types\/page"}],"author":[{"embeddable":true,"href":"https:\/\/www.atrobles.es\/index.php?rest_route=\/wp\/v2\/users\/2"}],"replies":[{"embeddable":true,"href":"https:\/\/www.atrobles.es\/index.php?rest_route=%2Fwp%2Fv2%2Fcomments&post=696"}],"version-history":[{"count":47,"href":"https:\/\/www.atrobles.es\/index.php?rest_route=\/wp\/v2\/pages\/696\/revisions"}],"predecessor-version":[{"id":1251,"href":"https:\/\/www.atrobles.es\/index.php?rest_route=\/wp\/v2\/pages\/696\/revisions\/1251"}],"wp:attachment":[{"href":"https:\/\/www.atrobles.es\/index.php?rest_route=%2Fwp%2Fv2%2Fmedia&parent=696"}],"curies":[{"name":"wp","href":"https:\/\/api.w.org\/{rel}","templated":true}]}}