{"id":800,"date":"2021-06-21T16:17:20","date_gmt":"2021-06-21T16:17:20","guid":{"rendered":"http:\/\/www.atrobles.es\/?page_id=800"},"modified":"2021-07-02T09:29:08","modified_gmt":"2021-07-02T09:29:08","slug":"flota-2","status":"publish","type":"page","link":"https:\/\/www.atrobles.es\/?page_id=800","title":{"rendered":"FLOTA"},"content":{"rendered":"<p>[et_pb_section fb_built=\u00bb1&#8243; _builder_version=\u00bb4.9.7&#8243; _module_preset=\u00bbdefault\u00bb custom_margin=\u00bb||-207px|||\u00bb custom_padding=\u00bb48px||0px|||\u00bb][\/et_pb_section][et_pb_section fb_built=\u00bb1&#8243; fullwidth=\u00bbon\u00bb _builder_version=\u00bb4.9.7&#8243; _module_preset=\u00bbdefault\u00bb background_color=\u00bb#8F8F8F\u00bb background_image=\u00bbhttp:\/\/www.atrobles.es\/wp-content\/uploads\/2021\/07\/FLOTA2.jpg\u00bb background_position=\u00bbbottom_center\u00bb background_blend=\u00bbmultiply\u00bb custom_margin=\u00bb-130px|||||\u00bb hover_enabled=\u00bb0&#8243; title_text=\u00bb_FLOTA2&#8243; sticky_enabled=\u00bb0&#8243;][et_pb_fullwidth_slider _builder_version=\u00bb4.9.7&#8243; _module_preset=\u00bbdefault\u00bb min_height=\u00bb229px\u00bb custom_margin=\u00bb160px|||||\u00bb custom_padding=\u00bb155px||164px|||\u00bb][et_pb_slide _builder_version=\u00bb4.9.7&#8243; _module_preset=\u00bbdefault\u00bb header_font=\u00bb|700|||||||\u00bb background_color=\u00bbRGBA(0,0,0,0)\u00bb background_enable_color=\u00bbon\u00bb background_enable_image=\u00bboff\u00bb background_position=\u00bbbottom_center\u00bb sticky_transition=\u00bbon\u00bb][\/et_pb_slide][\/et_pb_fullwidth_slider][\/et_pb_section][et_pb_section fb_built=\u00bb1&#8243; _builder_version=\u00bb4.9.7&#8243; _module_preset=\u00bbdefault\u00bb custom_padding=\u00bb||2px|||\u00bb][et_pb_row column_structure=\u00bb2_5,3_5&#8243; _builder_version=\u00bb4.9.7&#8243; _module_preset=\u00bbdefault\u00bb][et_pb_column type=\u00bb2_5&#8243; _builder_version=\u00bb4.9.7&#8243; _module_preset=\u00bbdefault\u00bb][et_pb_text _builder_version=\u00bb4.9.7&#8243; _module_preset=\u00bbdefault\u00bb header_3_line_height=\u00bb1.3em\u00bb header_5_text_align=\u00bbjustify\u00bb header_5_line_height=\u00bb1.5em\u00bb hover_enabled=\u00bb0&#8243; sticky_enabled=\u00bb0&#8243;]<\/p>\n<p style=\"text-align: justify;\"><span style=\"font-size: 80px;\"><strong><\/strong><\/span><\/p>\n<p style=\"text-align: justify;\"><span style=\"font-size: 80px;\"><strong><\/strong><\/span><\/p>\n<p style=\"text-align: justify;\"><span style=\"font-size: 80px; color: #ff6600;\"><strong>FLOTA<\/strong><\/span><\/p>\n<p style=\"text-align: justify;\"><span style=\"font-size: 80px;\"><strong><\/strong><\/span><\/p>\n<p style=\"text-align: justify;\"><span style=\"font-size: 80px;\"><strong><\/strong><\/span><\/p>\n<h5 style=\"text-align: justify;\">Somos una empresa en constante evoluci\u00f3n y renovaci\u00f3n, tanto en las soluciones que ofrecemos a nuestros clientes como en nuestra flota de veh\u00edculos, para nosotros es muy importante poder ofrecer esa calidad de la que siempre nos preocupamos.<br \/><strong><\/strong><\/h5>\n<h5 class=\"p1\"><\/h5>\n<h5 class=\"p1\"><\/h5>\n<h5 class=\"p1\"><\/h5>\n<h5 class=\"p1\">Controlamos en todo momento nuestra carga con una telemetr\u00eda y trazabilidad tanto del veh\u00edculo como de la cadena de frio a tiempo real.<\/h5>\n<p>[\/et_pb_text][\/et_pb_column][et_pb_column type=\u00bb3_5&#8243; _builder_version=\u00bb4.9.7&#8243; _module_preset=\u00bbdefault\u00bb][et_pb_image src=\u00bbhttp:\/\/www.atrobles.es\/wp-content\/uploads\/2021\/06\/ROBLES-flota1.jpg\u00bb title_text=\u00bbROBLES-flota1&#8243; _builder_version=\u00bb4.9.7&#8243; _module_preset=\u00bbdefault\u00bb custom_margin=\u00bb||21px|||\u00bb][\/et_pb_image][\/et_pb_column][\/et_pb_row][et_pb_row _builder_version=\u00bb4.9.7&#8243; _module_preset=\u00bbdefault\u00bb custom_margin=\u00bb-40px|auto||auto||\u00bb][et_pb_column type=\u00bb4_4&#8243; _builder_version=\u00bb4.9.7&#8243; _module_preset=\u00bbdefault\u00bb][et_pb_text _builder_version=\u00bb4.9.7&#8243; _module_preset=\u00bbdefault\u00bb header_3_line_height=\u00bb1.3em\u00bb header_5_line_height=\u00bb1.5em\u00bb custom_padding=\u00bb0px||34px|||\u00bb hover_enabled=\u00bb0&#8243; sticky_enabled=\u00bb0&#8243;]<\/p>\n<h5 class=\"p1\" style=\"text-align: justify;\">Disponemos de una flota de m\u00e1s de 100 camiones, cumpliendo la exigente normativa Euro5 con 2 tipos de veh\u00edculos: tr\u00e1iler frigor\u00edfico y cami\u00f3n r\u00edgido frigor\u00edfico de 2 ejes, que hace que seamos especialmente competentes dentro del sector del transporte de la mercader\u00eda refrigerada y de la distribuci\u00f3n. Contamos con r\u00edgidos de 8, 10, 14, 18 y 21 pallets dotados todos ellos de diferentes alturas. Tambi\u00e9n tenemos veh\u00edculos a GAS, nos adaptamos siempre a las necesidades del cliente, \u00a1sus necesidades son nuestras prioridades!<\/h5>\n<h5><\/h5>\n<h5><\/h5>\n<h5><\/h5>\n<h5><\/h5>\n<h5 style=\"text-align: justify;\">En cuanto al control de calidad, todos nuestros veh\u00edculos est\u00e1n dotados de term\u00f3grafos para poder realizar un control de la temperatura y garantir la cadena del frio, disponemos de veh\u00edculos multi-temperatura equipados con separadores de mercader\u00eda especialmente adaptados para satisfacer las necesidades del sector de la distribuci\u00f3n y tambi\u00e9n contamos con la \u00faltima tecnolog\u00eda con sistemas de seguimiento y control de flotas para garantizar un mayor control y seguridad de su carga. Nuestros equipos de frio multitemperatura de \u00faltima generaci\u00f3n nos prestan un servicio excelente para poder transportar diferentes cargas con distintas temperaturas.<\/h5>\n<p>[\/et_pb_text][et_pb_gallery gallery_ids=\u00bb932,921,922,923,924,925,926,927,928,929,930,931,933,934,935,936,937&#8243; _builder_version=\u00bb4.9.7&#8243; _module_preset=\u00bbdefault\u00bb min_height=\u00bb125.5px\u00bb hover_enabled=\u00bb0&#8243; fullwidth=\u00bbon\u00bb sticky_enabled=\u00bb0&#8243; auto=\u00bbon\u00bb][\/et_pb_gallery][et_pb_text _builder_version=\u00bb4.9.7&#8243; _module_preset=\u00bbdefault\u00bb header_3_line_height=\u00bb1.3em\u00bb header_5_line_height=\u00bb1.5em\u00bb min_height=\u00bb34px\u00bb custom_margin=\u00bb104px|||||\u00bb custom_padding=\u00bb0px|||||\u00bb hover_enabled=\u00bb0&#8243; sticky_enabled=\u00bb0&#8243;]<\/p>\n<h5 class=\"p1\" style=\"text-align: justify;\">Adem\u00e1s, realizamos muchos de nuestros servicios cumpliendo pr\u00e1cticas ambientales. Es muy importante para nosotros, reducir las emisiones de carbono para minimizar el impacto en el medio ambiente por ello tambi\u00e9n contamos nuestros camiones de gas, con los cuales ya hemos dado 350 vueltas a la tierra con un servicio limpio y agradable para nuestro planeta.<\/h5>\n<p>[\/et_pb_text][\/et_pb_column][\/et_pb_row][\/et_pb_section][et_pb_section fb_built=\u00bb1&#8243; _builder_version=\u00bb4.9.7&#8243; _module_preset=\u00bbdefault\u00bb][et_pb_row _builder_version=\u00bb4.9.7&#8243; _module_preset=\u00bbdefault\u00bb][et_pb_column type=\u00bb4_4&#8243; _builder_version=\u00bb4.9.7&#8243; _module_preset=\u00bbdefault\u00bb][et_pb_image src=\u00bbhttp:\/\/www.atrobles.es\/wp-content\/uploads\/2021\/06\/ROBLESflota2.jpg\u00bb title_text=\u00bbROBLESflota2&#8243; force_fullwidth=\u00bbon\u00bb _builder_version=\u00bb4.9.7&#8243; _module_preset=\u00bbdefault\u00bb custom_margin=\u00bb0px|0px|0px|0px|false|false\u00bb custom_padding=\u00bb0px|0px|0px|0px|false|false\u00bb][\/et_pb_image][\/et_pb_column][\/et_pb_row][\/et_pb_section]<\/p>\n","protected":false},"excerpt":{"rendered":"<p>[et_pb_section fb_built=\u00bb1&#8243; _builder_version=\u00bb4.9.7&#8243; _module_preset=\u00bbdefault\u00bb custom_margin=\u00bb||-207px|||\u00bb custom_padding=\u00bb48px||0px|||\u00bb][\/et_pb_section][et_pb_section fb_built=\u00bb1&#8243; fullwidth=\u00bbon\u00bb _builder_version=\u00bb4.9.7&#8243; _module_preset=\u00bbdefault\u00bb background_color=\u00bb#8F8F8F\u00bb background_image=\u00bbhttp:\/\/www.atrobles.es\/wp-content\/uploads\/2021\/07\/FLOTA2.jpg\u00bb background_position=\u00bbbottom_center\u00bb background_blend=\u00bbmultiply\u00bb custom_margin=\u00bb-130px|||||\u00bb hover_enabled=\u00bb0&#8243; title_text=\u00bb_FLOTA2&#8243; sticky_enabled=\u00bb0&#8243;][et_pb_fullwidth_slider _builder_version=\u00bb4.9.7&#8243; _module_preset=\u00bbdefault\u00bb min_height=\u00bb229px\u00bb custom_margin=\u00bb160px|||||\u00bb custom_padding=\u00bb155px||164px|||\u00bb][et_pb_slide _builder_version=\u00bb4.9.7&#8243; _module_preset=\u00bbdefault\u00bb header_font=\u00bb|700|||||||\u00bb background_color=\u00bbRGBA(0,0,0,0)\u00bb background_enable_color=\u00bbon\u00bb background_enable_image=\u00bboff\u00bb background_position=\u00bbbottom_center\u00bb sticky_transition=\u00bbon\u00bb][\/et_pb_slide][\/et_pb_fullwidth_slider][\/et_pb_section][et_pb_section fb_built=\u00bb1&#8243; _builder_version=\u00bb4.9.7&#8243; _module_preset=\u00bbdefault\u00bb custom_padding=\u00bb||2px|||\u00bb][et_pb_row column_structure=\u00bb2_5,3_5&#8243; _builder_version=\u00bb4.9.7&#8243; _module_preset=\u00bbdefault\u00bb][et_pb_column type=\u00bb2_5&#8243; _builder_version=\u00bb4.9.7&#8243; _module_preset=\u00bbdefault\u00bb][et_pb_text _builder_version=\u00bb4.9.7&#8243; _module_preset=\u00bbdefault\u00bb header_3_line_height=\u00bb1.3em\u00bb header_5_text_align=\u00bbjustify\u00bb header_5_line_height=\u00bb1.5em\u00bb hover_enabled=\u00bb0&#8243; sticky_enabled=\u00bb0&#8243;] FLOTA Somos una empresa en constante evoluci\u00f3n [&hellip;]<\/p>\n","protected":false},"author":2,"featured_media":0,"parent":0,"menu_order":0,"comment_status":"closed","ping_status":"closed","template":"","meta":{"_et_pb_use_builder":"on","_et_pb_old_content":"","_et_gb_content_width":""},"_links":{"self":[{"href":"https:\/\/www.atrobles.es\/index.php?rest_route=\/wp\/v2\/pages\/800"}],"collection":[{"href":"https:\/\/www.atrobles.es\/index.php?rest_route=\/wp\/v2\/pages"}],"about":[{"href":"https:\/\/www.atrobles.es\/index.php?rest_route=\/wp\/v2\/types\/page"}],"author":[{"embeddable":true,"href":"https:\/\/www.atrobles.es\/index.php?rest_route=\/wp\/v2\/users\/2"}],"replies":[{"embeddable":true,"href":"https:\/\/www.atrobles.es\/index.php?rest_route=%2Fwp%2Fv2%2Fcomments&post=800"}],"version-history":[{"count":19,"href":"https:\/\/www.atrobles.es\/index.php?rest_route=\/wp\/v2\/pages\/800\/revisions"}],"predecessor-version":[{"id":1061,"href":"https:\/\/www.atrobles.es\/index.php?rest_route=\/wp\/v2\/pages\/800\/revisions\/1061"}],"wp:attachment":[{"href":"https:\/\/www.atrobles.es\/index.php?rest_route=%2Fwp%2Fv2%2Fmedia&parent=800"}],"curies":[{"name":"wp","href":"https:\/\/api.w.org\/{rel}","templated":true}]}}