{"id":831,"date":"2021-06-22T08:27:12","date_gmt":"2021-06-22T08:27:12","guid":{"rendered":"http:\/\/www.atrobles.es\/?page_id=831"},"modified":"2021-07-01T16:09:16","modified_gmt":"2021-07-01T16:09:16","slug":"empleo","status":"publish","type":"page","link":"https:\/\/www.atrobles.es\/?page_id=831","title":{"rendered":"EMPLEO"},"content":{"rendered":"<p>[et_pb_section fb_built=\u00bb1&#8243; _builder_version=\u00bb4.9.7&#8243; _module_preset=\u00bbdefault\u00bb custom_margin=\u00bb||-207px|||\u00bb custom_padding=\u00bb48px||0px|||\u00bb][\/et_pb_section][et_pb_section fb_built=\u00bb1&#8243; fullwidth=\u00bbon\u00bb _builder_version=\u00bb4.9.7&#8243; _module_preset=\u00bbdefault\u00bb background_color=\u00bb#8F8F8F\u00bb background_image=\u00bbhttp:\/\/www.atrobles.es\/wp-content\/uploads\/2021\/07\/EMPLEO.jpg\u00bb background_blend=\u00bbmultiply\u00bb custom_margin=\u00bb-130px|||||\u00bb][et_pb_fullwidth_slider _builder_version=\u00bb4.9.7&#8243; _module_preset=\u00bbdefault\u00bb min_height=\u00bb229px\u00bb custom_margin=\u00bb160px|||||\u00bb custom_padding=\u00bb155px||164px|||\u00bb hover_enabled=\u00bb0&#8243; sticky_enabled=\u00bb0&#8243;][et_pb_slide heading=\u00bbEMPLEO\u00bb _builder_version=\u00bb4.9.7&#8243; _module_preset=\u00bbdefault\u00bb header_font=\u00bb|700|||||||\u00bb background_color=\u00bbRGBA(0,0,0,0)\u00bb background_enable_color=\u00bbon\u00bb background_enable_image=\u00bboff\u00bb background_position=\u00bbbottom_center\u00bb hover_enabled=\u00bb0&#8243; header_font_size_tablet=\u00bb50px\u00bb header_font_size_phone=\u00bb50px\u00bb header_font_size_last_edited=\u00bbon|tablet\u00bb sticky_transition=\u00bbon\u00bb sticky_enabled=\u00bb0&#8243;][\/et_pb_slide][\/et_pb_fullwidth_slider][\/et_pb_section][et_pb_section fb_built=\u00bb1&#8243; _builder_version=\u00bb4.9.7&#8243; _module_preset=\u00bbdefault\u00bb][et_pb_row _builder_version=\u00bb4.9.7&#8243; _module_preset=\u00bbdefault\u00bb][et_pb_column type=\u00bb4_4&#8243; _builder_version=\u00bb4.9.7&#8243; _module_preset=\u00bbdefault\u00bb][et_pb_text _builder_version=\u00bb4.9.7&#8243; _module_preset=\u00bbdefault\u00bb header_4_line_height=\u00bb1.3em\u00bb header_5_line_height=\u00bb1.5em\u00bb]<\/p>\n<h2 class=\"p1\"><span style=\"color: #ff6600;\"><b>\u00a1Trabaja con nosotros!<\/b><\/span><\/h2>\n<p><span style=\"color: #ff6600;\"><b><\/b><\/span><\/p>\n<p class=\"p2\" style=\"text-align: justify;\"><b><i><\/i><\/b><\/p>\n<p class=\"p2\" style=\"text-align: justify;\"><b><i><\/i><\/b><\/p>\n<h5 class=\"p1\" style=\"text-align: justify;\">Somos un equipo din\u00e1mico y emprendedor, formado por un grupo de profesionales del sector del transporte que trabajamos cada d\u00eda para ofrecer un servicio de calidad.<\/h5>\n<h5 class=\"p1\" style=\"text-align: justify;\">Buscamos continuamente personas con competencias y actitudes que contribuyan a consolidar nuestro posicionamiento, a la vez que compartan los valores que siempre han caracterizado a los profesionales que integran AT Robles.<\/h5>\n<h5 class=\"p2\" style=\"text-align: justify;\"><\/h5>\n<h5 class=\"p1\" style=\"text-align: justify;\">Si quieres trabajar con nosotros env\u00edanos tu Curr\u00edculum V\u00edtae. Nuestro departamento de Recursos Humanos lo estudiar\u00e1.<\/h5>\n<h5 class=\"p2\" style=\"text-align: justify;\"><\/h5>\n<h5 class=\"p1\" style=\"text-align: justify;\">\u00a1Te tendremos en cuenta para futuras ofertas laborales que se ajusten a tu perfil!<\/h5>\n<p>[\/et_pb_text][et_pb_divider divider_weight=\u00bb2px\u00bb _builder_version=\u00bb4.9.7&#8243; _module_preset=\u00bbdefault\u00bb][\/et_pb_divider][et_pb_text _builder_version=\u00bb4.9.7&#8243; _module_preset=\u00bbdefault\u00bb]<\/p>\n<div role=\"form\" class=\"wpcf7\" id=\"wpcf7-f853-o1\" lang=\"es-ES\" dir=\"ltr\">\n<div class=\"screen-reader-response\"><p role=\"status\" aria-live=\"polite\" aria-atomic=\"true\"><\/p> <ul><\/ul><\/div>\n<form action=\"\/index.php?rest_route=%2Fwp%2Fv2%2Fpages%2F831#wpcf7-f853-o1\" method=\"post\" class=\"wpcf7-form init\" enctype=\"multipart\/form-data\" novalidate=\"novalidate\" data-status=\"init\">\n<div style=\"display: none;\">\n<input type=\"hidden\" name=\"_wpcf7\" value=\"853\" \/>\n<input type=\"hidden\" name=\"_wpcf7_version\" value=\"5.4.2\" \/>\n<input type=\"hidden\" name=\"_wpcf7_locale\" value=\"es_ES\" \/>\n<input type=\"hidden\" name=\"_wpcf7_unit_tag\" value=\"wpcf7-f853-o1\" \/>\n<input type=\"hidden\" name=\"_wpcf7_container_post\" value=\"0\" \/>\n<input type=\"hidden\" name=\"_wpcf7_posted_data_hash\" value=\"\" \/>\n<\/div>\n<p><b>Nombre y apellidos<\/b><br \/>\n    <span class=\"wpcf7-form-control-wrap your-name\"><input type=\"text\" name=\"your-name\" value=\"\" size=\"40\" class=\"wpcf7-form-control wpcf7-text wpcf7-validates-as-required\" aria-required=\"true\" aria-invalid=\"false\" \/><\/span><\/p>\n<p><b>Correo electr\u00f3nico<\/b><br \/>\n    <span class=\"wpcf7-form-control-wrap your-email\"><input type=\"email\" name=\"your-email\" value=\"\" size=\"40\" class=\"wpcf7-form-control wpcf7-text wpcf7-email wpcf7-validates-as-required wpcf7-validates-as-email\" aria-required=\"true\" aria-invalid=\"false\" \/><\/span><\/p>\n<p><b>Tel\u00e9fono m\u00f3vil<\/b><br \/>\n    <span class=\"wpcf7-form-control-wrap tel-256\"><input type=\"tel\" name=\"tel-256\" value=\"\" size=\"40\" class=\"wpcf7-form-control wpcf7-text wpcf7-tel wpcf7-validates-as-required wpcf7-validates-as-tel\" aria-required=\"true\" aria-invalid=\"false\" \/><\/span><\/p>\n<p><b>Departamento que te interesa:<\/b><br \/>\n<span class=\"wpcf7-form-control-wrap checkbox-277\"><span class=\"wpcf7-form-control wpcf7-checkbox wpcf7-validates-as-required\"><span class=\"wpcf7-list-item first\"><label><input type=\"checkbox\" name=\"checkbox-277[]\" value=\"Ch\u00f3fer (Ruta Fija)\" \/><span class=\"wpcf7-list-item-label\">Ch\u00f3fer (Ruta Fija)<\/span><\/label><\/span><span class=\"wpcf7-list-item\"><label><input type=\"checkbox\" name=\"checkbox-277[]\" value=\"Ch\u00f3fer (Ruta Nacional)\" \/><span class=\"wpcf7-list-item-label\">Ch\u00f3fer (Ruta Nacional)<\/span><\/label><\/span><span class=\"wpcf7-list-item\"><label><input type=\"checkbox\" name=\"checkbox-277[]\" value=\"Operaciones \/ Tr\u00e1fico\" \/><span class=\"wpcf7-list-item-label\">Operaciones \/ Tr\u00e1fico<\/span><\/label><\/span><span class=\"wpcf7-list-item\"><label><input type=\"checkbox\" name=\"checkbox-277[]\" value=\"Mantenimiento \/ Almac\u00e9n\" \/><span class=\"wpcf7-list-item-label\">Mantenimiento \/ Almac\u00e9n<\/span><\/label><\/span><span class=\"wpcf7-list-item\"><label><input type=\"checkbox\" name=\"checkbox-277[]\" value=\"Administraci\u00f3n\" \/><span class=\"wpcf7-list-item-label\">Administraci\u00f3n<\/span><\/label><\/span><span class=\"wpcf7-list-item last\"><label><input type=\"checkbox\" name=\"checkbox-277[]\" value=\"RRHH\" \/><span class=\"wpcf7-list-item-label\">RRHH<\/span><\/label><\/span><\/span><\/span><\/p>\n<p><b>Provincia\/s donde trabajar:<\/b><br \/>\n<span class=\"wpcf7-form-control-wrap checkbox-285\"><span class=\"wpcf7-form-control wpcf7-checkbox wpcf7-validates-as-required\"><span class=\"wpcf7-list-item first\"><label><input type=\"checkbox\" name=\"checkbox-285[]\" value=\"Barcelona\" \/><span class=\"wpcf7-list-item-label\">Barcelona<\/span><\/label><\/span><span class=\"wpcf7-list-item\"><label><input type=\"checkbox\" name=\"checkbox-285[]\" value=\"Lleida\" \/><span class=\"wpcf7-list-item-label\">Lleida<\/span><\/label><\/span><span class=\"wpcf7-list-item\"><label><input type=\"checkbox\" name=\"checkbox-285[]\" value=\"Valencia\" \/><span class=\"wpcf7-list-item-label\">Valencia<\/span><\/label><\/span><span class=\"wpcf7-list-item last\"><label><input type=\"checkbox\" name=\"checkbox-285[]\" value=\"Zaragoza\" \/><span class=\"wpcf7-list-item-label\">Zaragoza<\/span><\/label><\/span><\/span><\/span><\/p>\n<p><b>Permiso de conducir:<\/b><br \/>\n<span class=\"wpcf7-form-control-wrap checkbox-183\"><span class=\"wpcf7-form-control wpcf7-checkbox wpcf7-validates-as-required wpcf7-exclusive-checkbox\"><span class=\"wpcf7-list-item first\"><label><input type=\"checkbox\" name=\"checkbox-183\" value=\"Permiso B\" \/><span class=\"wpcf7-list-item-label\">Permiso B<\/span><\/label><\/span><span class=\"wpcf7-list-item\"><label><input type=\"checkbox\" name=\"checkbox-183\" value=\"Permiso C\" \/><span class=\"wpcf7-list-item-label\">Permiso C<\/span><\/label><\/span><span class=\"wpcf7-list-item last\"><label><input type=\"checkbox\" name=\"checkbox-183\" value=\"Permiso C+E\" \/><span class=\"wpcf7-list-item-label\">Permiso C+E<\/span><\/label><\/span><\/span><\/span><\/p>\n<p><b>Adjuntar CV<\/b><br \/>\n<span class=\"wpcf7-form-control-wrap file-965\"><input type=\"file\" name=\"file-965\" size=\"40\" class=\"wpcf7-form-control wpcf7-file\" accept=\".jpg,.jpeg,.png,.gif,.pdf,.doc,.docx,.ppt,.pptx,.odt,.avi,.ogg,.m4a,.mov,.mp3,.mp4,.mpg,.wav,.wmv\" aria-invalid=\"false\" \/><\/span><\/p>\n<p><b>Carta de presentaci\u00f3n<\/b> (opcional)<br \/>\n    <span class=\"wpcf7-form-control-wrap your-message\"><textarea name=\"your-message\" cols=\"40\" rows=\"10\" class=\"wpcf7-form-control wpcf7-textarea\" aria-invalid=\"false\"><\/textarea><\/span><\/p>\n<p><b>Experiencia laboral<\/b> (obligatoria si no se adjunta CV)<br \/>\n<span class=\"wpcf7-form-control-wrap textarea-307\"><textarea name=\"textarea-307\" cols=\"40\" rows=\"10\" class=\"wpcf7-form-control wpcf7-textarea\" aria-invalid=\"false\"><\/textarea><\/span><\/p>\n<p><b>Formaci\u00f3n acad\u00e9mica<\/b> (obligatoria si no se adjunta CV)<br \/>\n<span class=\"wpcf7-form-control-wrap textarea-308\"><textarea name=\"textarea-308\" cols=\"40\" rows=\"10\" class=\"wpcf7-form-control wpcf7-textarea\" aria-invalid=\"false\"><\/textarea><\/span><\/p>\n<p><b>Otros datos<\/b><br \/>\n<span class=\"wpcf7-form-control-wrap textarea-309\"><textarea name=\"textarea-309\" cols=\"40\" rows=\"10\" class=\"wpcf7-form-control wpcf7-textarea\" aria-invalid=\"false\"><\/textarea><\/span><\/p>\n<p><span class=\"wpcf7-form-control-wrap acceptance-838\"><span class=\"wpcf7-form-control wpcf7-acceptance\"><span class=\"wpcf7-list-item\"><label><input type=\"checkbox\" name=\"acceptance-838\" value=\"1\" aria-invalid=\"false\" \/><span class=\"wpcf7-list-item-label\">He le\u00eddo y acepto la <a href=\"https:\/\/www.atrobles.es\/?page_id=954\" target=\"_blank\">Pol\u00edtica de privacidad<\/a>.<\/span><\/label><\/span><\/span><\/span><br \/>\n<span class=\"wpcf7-form-control-wrap acceptance-836\"><span class=\"wpcf7-form-control wpcf7-acceptance\"><span class=\"wpcf7-list-item\"><label><input type=\"checkbox\" name=\"acceptance-836\" value=\"1\" aria-invalid=\"false\" \/><span class=\"wpcf7-list-item-label\">Autorizo el tratamiento de sus datos para los procesos de selecci\u00f3n de la empresa.<\/span><\/label><\/span><\/span><\/span><\/p>\n<p class=\"aiowps-captcha hide-when-displaying-tfa-input\"><label for=\"aiowps-captcha-answer\">Por favor, introduce una respuesta en d\u00edgitos:<\/label>\n<div class=\"aiowps-captcha-equation hide-when-displaying-tfa-input\"><strong>dos &#215; 3 = <input type=\"hidden\" name=\"aiowps-captcha-string-info\" class=\"aiowps-captcha-string-info\" value=\"n7myow6hk3\" \/><input type=\"hidden\" name=\"aiowps-captcha-temp-string\" class=\"aiowps-captcha-temp-string\" value=\"1777040624\" \/><input type=\"text\" size=\"2\" class=\"aiowps-captcha-answer\" name=\"aiowps-captcha-answer\" value=\"\" autocomplete=\"off\" \/><\/strong><\/div>\n<\/p>\n<p><span class='wpcf7-form-control-wrap' data-name='aiowps-captcha'><\/span><input type=\"submit\" value=\"Enviar\" class=\"wpcf7-form-control wpcf7-submit\" \/><\/p>\n<div class=\"wpcf7-response-output\" aria-hidden=\"true\"><\/div><\/form><\/div>\n<p>[\/et_pb_text][\/et_pb_column][\/et_pb_row][\/et_pb_section]<\/p>\n","protected":false},"excerpt":{"rendered":"<p>[et_pb_section fb_built=\u00bb1&#8243; _builder_version=\u00bb4.9.7&#8243; _module_preset=\u00bbdefault\u00bb custom_margin=\u00bb||-207px|||\u00bb custom_padding=\u00bb48px||0px|||\u00bb][\/et_pb_section][et_pb_section fb_built=\u00bb1&#8243; fullwidth=\u00bbon\u00bb _builder_version=\u00bb4.9.7&#8243; _module_preset=\u00bbdefault\u00bb background_color=\u00bb#8F8F8F\u00bb background_image=\u00bbhttp:\/\/www.atrobles.es\/wp-content\/uploads\/2021\/07\/EMPLEO.jpg\u00bb background_blend=\u00bbmultiply\u00bb custom_margin=\u00bb-130px|||||\u00bb][et_pb_fullwidth_slider _builder_version=\u00bb4.9.7&#8243; _module_preset=\u00bbdefault\u00bb min_height=\u00bb229px\u00bb custom_margin=\u00bb160px|||||\u00bb custom_padding=\u00bb155px||164px|||\u00bb hover_enabled=\u00bb0&#8243; sticky_enabled=\u00bb0&#8243;][et_pb_slide heading=\u00bbEMPLEO\u00bb _builder_version=\u00bb4.9.7&#8243; _module_preset=\u00bbdefault\u00bb header_font=\u00bb|700|||||||\u00bb background_color=\u00bbRGBA(0,0,0,0)\u00bb background_enable_color=\u00bbon\u00bb background_enable_image=\u00bboff\u00bb background_position=\u00bbbottom_center\u00bb hover_enabled=\u00bb0&#8243; header_font_size_tablet=\u00bb50px\u00bb header_font_size_phone=\u00bb50px\u00bb header_font_size_last_edited=\u00bbon|tablet\u00bb sticky_transition=\u00bbon\u00bb sticky_enabled=\u00bb0&#8243;][\/et_pb_slide][\/et_pb_fullwidth_slider][\/et_pb_section][et_pb_section fb_built=\u00bb1&#8243; _builder_version=\u00bb4.9.7&#8243; _module_preset=\u00bbdefault\u00bb][et_pb_row _builder_version=\u00bb4.9.7&#8243; _module_preset=\u00bbdefault\u00bb][et_pb_column type=\u00bb4_4&#8243; _builder_version=\u00bb4.9.7&#8243; _module_preset=\u00bbdefault\u00bb][et_pb_text _builder_version=\u00bb4.9.7&#8243; _module_preset=\u00bbdefault\u00bb header_4_line_height=\u00bb1.3em\u00bb header_5_line_height=\u00bb1.5em\u00bb] \u00a1Trabaja con nosotros! Somos un equipo din\u00e1mico y [&hellip;]<\/p>\n","protected":false},"author":2,"featured_media":0,"parent":0,"menu_order":0,"comment_status":"closed","ping_status":"closed","template":"","meta":{"_et_pb_use_builder":"on","_et_pb_old_content":"","_et_gb_content_width":""},"_links":{"self":[{"href":"https:\/\/www.atrobles.es\/index.php?rest_route=\/wp\/v2\/pages\/831"}],"collection":[{"href":"https:\/\/www.atrobles.es\/index.php?rest_route=\/wp\/v2\/pages"}],"about":[{"href":"https:\/\/www.atrobles.es\/index.php?rest_route=\/wp\/v2\/types\/page"}],"author":[{"embeddable":true,"href":"https:\/\/www.atrobles.es\/index.php?rest_route=\/wp\/v2\/users\/2"}],"replies":[{"embeddable":true,"href":"https:\/\/www.atrobles.es\/index.php?rest_route=%2Fwp%2Fv2%2Fcomments&post=831"}],"version-history":[{"count":25,"href":"https:\/\/www.atrobles.es\/index.php?rest_route=\/wp\/v2\/pages\/831\/revisions"}],"predecessor-version":[{"id":1038,"href":"https:\/\/www.atrobles.es\/index.php?rest_route=\/wp\/v2\/pages\/831\/revisions\/1038"}],"wp:attachment":[{"href":"https:\/\/www.atrobles.es\/index.php?rest_route=%2Fwp%2Fv2%2Fmedia&parent=831"}],"curies":[{"name":"wp","href":"https:\/\/api.w.org\/{rel}","templated":true}]}}